{"id":15533,"date":"2023-01-24T21:57:15","date_gmt":"2023-01-24T21:57:15","guid":{"rendered":"https:\/\/ucm.agency\/?page_id=15533"},"modified":"2026-02-11T16:19:40","modified_gmt":"2026-02-11T16:19:40","slug":"imprint","status":"publish","type":"page","link":"https:\/\/wpsandbox.ucm.jobs\/en\/imprint\/","title":{"rendered":"Imprint"},"content":{"rendered":"\t\t<div data-elementor-type=\"wp-page\" data-elementor-id=\"15533\" class=\"elementor elementor-15533 elementor-15532\" data-elementor-post-type=\"page\">\n\t\t\t\t\t\t<section class=\"elementor-section elementor-top-section elementor-element elementor-element-ab89f6a elementor-section-boxed elementor-section-height-default elementor-section-height-default\" data-id=\"ab89f6a\" data-element_type=\"section\">\n\t\t\t\t\t\t<div class=\"elementor-container elementor-column-gap-default\">\n\t\t\t\t\t<div class=\"elementor-column elementor-col-100 elementor-top-column elementor-element elementor-element-ff6ac74\" data-id=\"ff6ac74\" data-element_type=\"column\">\n\t\t\t<div class=\"elementor-widget-wrap\">\n\t\t\t\t\t\t\t<\/div>\n\t\t<\/div>\n\t\t\t\t\t<\/div>\n\t\t<\/section>\n\t\t\t\t<section class=\"elementor-section elementor-top-section elementor-element elementor-element-aeee149 elementor-section-boxed elementor-section-height-default elementor-section-height-default\" data-id=\"aeee149\" data-element_type=\"section\">\n\t\t\t\t\t\t<div class=\"elementor-container elementor-column-gap-default\">\n\t\t\t\t\t<div class=\"elementor-column elementor-col-100 elementor-top-column elementor-element elementor-element-0593092\" data-id=\"0593092\" data-element_type=\"column\">\n\t\t\t<div class=\"elementor-widget-wrap elementor-element-populated\">\n\t\t\t\t\t\t<div class=\"elementor-element elementor-element-5becbfa elementor-widget elementor-widget-heading\" data-id=\"5becbfa\" data-element_type=\"widget\" data-widget_type=\"heading.default\">\n\t\t\t\t<div class=\"elementor-widget-container\">\n\t\t\t\t\t<h1 class=\"elementor-heading-title elementor-size-default\">Imprint<\/h1>\t\t\t\t<\/div>\n\t\t\t\t<\/div>\n\t\t\t\t\t<\/div>\n\t\t<\/div>\n\t\t\t\t\t<\/div>\n\t\t<\/section>\n\t\t\t\t<section class=\"elementor-section elementor-top-section elementor-element elementor-element-b4d25bb elementor-section-boxed elementor-section-height-default elementor-section-height-default\" data-id=\"b4d25bb\" data-element_type=\"section\">\n\t\t\t\t\t\t<div class=\"elementor-container elementor-column-gap-default\">\n\t\t\t\t\t<div class=\"elementor-column elementor-col-100 elementor-top-column elementor-element elementor-element-52313b8\" data-id=\"52313b8\" data-element_type=\"column\">\n\t\t\t<div class=\"elementor-widget-wrap elementor-element-populated\">\n\t\t\t\t\t\t<div class=\"elementor-element elementor-element-839a4ca elementor-widget elementor-widget-text-editor\" data-id=\"839a4ca\" data-element_type=\"widget\" data-widget_type=\"text-editor.default\">\n\t\t\t\t<div class=\"elementor-widget-container\">\n\t\t\t\t\t\t\t\t\t<div class=\"text\"><strong>Legal Disclosure<\/strong><br \/>Information in accordance with section 5 DDG<br \/>uCastMe GmbH<br \/>Heidestr. 46-52<br \/>10557 Berlin<\/div><div class=\"text\"><p><strong>Represented by<\/strong><br \/>Amin Guellil, Dr. Christoph Keding<\/p><p><strong>Contact<\/strong><br \/>Telephone: (+49) 030 120 8656 \u2013 0<br \/>E-Mail: kontakt@ucm.jobs<br \/>Internetaddress: www.ucm.jobs<\/p><p><strong>Register entry<\/strong><br \/>Entry in Handelsregister<br \/>Register Number: 158665 B<br \/>Register Court: Berlin, Amtsgericht Charlottenburg<\/p><p><strong>Capital<\/strong><br \/>Initial or original capital: 25.000 \u20ac<\/p><p><strong>VAT number<\/strong><br \/>VAT identification number in accordance with section 27 a of the German VAT act<br \/>DE 815509853<\/p><p><strong>Regulating authority<\/strong><br \/>Agentur f\u00fcr Arbeit, Regionaldirektion Nord der Agentur f\u00fcr Arbeit, ProjeAgentur f\u00fcr Arbeit, Regionaldirektion Nord der Agentur f\u00fcr Arbeit, Projensdorfer Strasse 82, 24106 Kielnsdorfer Strasse 82, 24106 Kiel<\/p><p><strong>Person responsible for content in accordance with 55 Abs. 2 RStV<\/strong><br \/>Amin Guellil<\/p><p><strong>Disclaimer<\/strong><br \/>Accountability for content<br \/>The contents of our pages have been created with the utmost care. However, we cannot guarantee the contents\u2019 accuracy, completeness or topicality. According to statutory provisions, we are furthermore responsible for our own content on these web pages. In this context, please note that we are accordingly not obliged to monitor merely the transmitted or saved information of third parties, or investigate circumstances pointing to illegal activity. Our obligations to remove or block the use of information under generally applicable laws remain unaffected by this as per \u00a7\u00a7 8 to 10 of the Digitale-Dienste-Gesetz (DDG).<\/p><p>Accountability for links<br \/>Responsibility for the content of external links (to web pages of third parties) lies solely with the operators of the linked pages. No violations were evident to us at the time of linking. Should any legal infringement become known to us, we will remove the respective link immediately.<\/p><p>Copyright<br \/>Our web pages and their contents are subject to German copyright law. Unless expressly permitted by law (\u00a7 44a et seq. of the copyright law), every form of utilizing, reproducing or processing works subject to copyright protection on our web pages requires the prior consent of the respective owner of the rights. Individual reproductions of a work are allowed only for private use, so must not serve either directly or indirectly for earnings. Unauthorized utilization of copyrighted works is punishable (\u00a7 106 of the copyright law).<\/p><\/div>\t\t\t\t\t\t\t\t<\/div>\n\t\t\t\t<\/div>\n\t\t\t\t\t<\/div>\n\t\t<\/div>\n\t\t\t\t\t<\/div>\n\t\t<\/section>\n\t\t\t\t<\/div>\n\t\t","protected":false},"excerpt":{"rendered":"<p>Imprint Legal DisclosureInformation in accordance with section 5 DDGuCastMe GmbHHeidestr. 46-5210557 Berlin Represented byAmin Guellil, Dr. Christoph Keding ContactTelephone: (+49) 030 120 8656 \u2013 0E-Mail: kontakt@ucm.jobsInternetaddress: www.ucm.jobs Register entryEntry in HandelsregisterRegister Number: 158665 BRegister Court: Berlin, Amtsgericht Charlottenburg CapitalInitial or original capital: 25.000 \u20ac VAT numberVAT identification number in accordance with section 27 a of<\/p>\n","protected":false},"author":8,"featured_media":0,"parent":0,"menu_order":0,"comment_status":"closed","ping_status":"closed","template":"","meta":{"_acf_changed":false,"inline_featured_image":false,"uix_meta_title":"","uix_meta_description":"","uix_canonical_url":"","footnotes":""},"class_list":["post-15533","page","type-page","status-publish","hentry"],"acf":[],"_links":{"self":[{"href":"https:\/\/wpsandbox.ucm.jobs\/en\/wp-json\/wp\/v2\/pages\/15533","targetHints":{"allow":["GET"]}}],"collection":[{"href":"https:\/\/wpsandbox.ucm.jobs\/en\/wp-json\/wp\/v2\/pages"}],"about":[{"href":"https:\/\/wpsandbox.ucm.jobs\/en\/wp-json\/wp\/v2\/types\/page"}],"author":[{"embeddable":true,"href":"https:\/\/wpsandbox.ucm.jobs\/en\/wp-json\/wp\/v2\/users\/8"}],"replies":[{"embeddable":true,"href":"https:\/\/wpsandbox.ucm.jobs\/en\/wp-json\/wp\/v2\/comments?post=15533"}],"version-history":[{"count":4,"href":"https:\/\/wpsandbox.ucm.jobs\/en\/wp-json\/wp\/v2\/pages\/15533\/revisions"}],"predecessor-version":[{"id":27248,"href":"https:\/\/wpsandbox.ucm.jobs\/en\/wp-json\/wp\/v2\/pages\/15533\/revisions\/27248"}],"wp:attachment":[{"href":"https:\/\/wpsandbox.ucm.jobs\/en\/wp-json\/wp\/v2\/media?parent=15533"}],"curies":[{"name":"wp","href":"https:\/\/api.w.org\/{rel}","templated":true}]}}