{"id":12519,"date":"2020-07-24T13:11:34","date_gmt":"2020-07-24T13:11:34","guid":{"rendered":"https:\/\/ucm.agency\/?page_id=12519"},"modified":"2020-11-12T13:30:11","modified_gmt":"2020-11-12T13:30:11","slug":"frankfurt","status":"publish","type":"page","link":"https:\/\/wpsandbox.ucm.jobs\/en\/frankfurt\/","title":{"rendered":"Frankfurt"},"content":{"rendered":"<section class=\"wpb-content-wrapper\"><p>[vc_row full_width=&#8221;stretch_row&#8221; css=&#8221;.vc_custom_1581918929192{padding-top: 50px !important;padding-bottom: 50px !important;background-color: #114358 !important;}&#8221; el_class=&#8221;main-heading&#8221;][vc_column width=&#8221;1\/2&#8243; el_class=&#8221;ucm-80&#8243;][vc_column_text]<\/p>\n<h1 class=\"header-h2 snow\"><strong>ucm.agency in Frankfurt am Main<\/strong><\/h1>\n<p>[\/vc_column_text][vc_column_text el_class=&#8221;tickgray-li&#8221;]<\/p>\n<ul class=\"text-25 snow\">\n<li>Your competent temporary staff partner directly on site<\/li>\n<li>Qualified &amp; trained event personnel<\/li>\n<li>Individual consulting &amp; placement of personnel<\/li>\n<\/ul>\n<p>[\/vc_column_text][vc_btn title=&#8221;book now&#8221; link=&#8221;url:%23dwnld|||&#8221; el_class=&#8221;comp-1&#8243;][\/vc_column][vc_column width=&#8221;1\/2&#8243;][vc_single_image image=&#8221;9188&#8243; img_size=&#8221;full&#8221; alignment=&#8221;center&#8221;][\/vc_column][\/vc_row][vc_row full_width=&#8221;stretch_row&#8221; equal_height=&#8221;yes&#8221; css=&#8221;.vc_custom_1582266401753{padding-bottom: 0px !important;background-color: #f6f6f6 !important;}&#8221;][vc_column][vc_row_inner css=&#8221;.vc_custom_1582088466345{padding-top: 20px !important;padding-bottom: 0px !important;}&#8221;][vc_column_inner width=&#8221;1\/2&#8243;][vc_single_image image=&#8221;10069&#8243; img_size=&#8221;large&#8221; alignment=&#8221;center&#8221; css=&#8221;.vc_custom_1600452177747{padding-top: 30px !important;}&#8221;][\/vc_column_inner][vc_column_inner width=&#8221;1\/2&#8243;][vc_column_text css=&#8221;.vc_custom_1600452194266{padding-bottom: 10px !important;}&#8221;]<\/p>\n<h2>ucm.agency in the Rhein-Main city<\/h2>\n<p>[\/vc_column_text][vc_column_text]In November 2018, ucm.agency opened another office in Frankfurt am Main. This enables us to efficiently support you as a professional event partner in the Rhine-Main city and provider of support staff for companies. At ucm.agency, we focus on working closely with our clients to get the most of their event. There are no standardised solutions and solo efforts in planning. Every customer and every event is different and we want to do justice to that &#8211; that is our philosophy. The same applies to your company needs. Our proximity to Frankfurt am Main makes it easier for us to make your undertaking a success. Whether warehouse or production helpers, hostesses, promoters or service staff &#8211; our local officers will be happy to advise you and find the ideal Frankfurt personnel for every task. Their competence is additionally ensured by personal castings and service training in our new office in the classic city.[\/vc_column_text][\/vc_column_inner][\/vc_row_inner][\/vc_column][\/vc_row][vc_row full_width=&#8221;stretch_row&#8221; disable_element=&#8221;yes&#8221; css=&#8221;.vc_custom_1587901129393{padding-bottom: 0px !important;background-color: #f6f6f6 !important;}&#8221; el_class=&#8221;customer-time&#8221;][vc_column][vc_column_text css=&#8221;.vc_custom_1583401087052{padding-bottom: 20px !important;}&#8221;]<\/p>\n<h2 style=\"text-align: center;\">How it works<\/h2>\n<p>[\/vc_column_text]<div class=\"timeline-wrapper timeline-style-3\" data-css=\"&quot;&quot;\"><ul class=\"timeline\"><li class=\" timeline-inverted timeline-rand-2 factrie-inline-css\" data-css=\"&quot;.timeline &gt; .timeline-rand-2 .timeline-badge { color: #333333; }&quot;\"><div class=\"timeline-badge sq\"><img decoding=\"async\" class=\"img-fluid\" src=\"https:\/\/wpsandbox.ucm.jobs\/wp-content\/uploads\/2020\/02\/timeline-separator-18x18.png\" width=\"18\" height=\"18\" alt=\"\" \/><\/div><div class=\"timeline-sep-title\">1<\/div><div class=\"timeline-panel\"><div class=\"timeline-heading\"><h4 class=\"timeline-title\">Text<\/h4><\/div><div class=\"timeline-body\"><p>Auf unserer Plattform bewerben sich Studierende und Sch\u00fcler auf vielf\u00e4ltige Jobangebote.<\/p><\/div><\/div><\/li><!-- .timeline item li --><li class=\" timeline-inverted timeline-rand-3 factrie-inline-css\" data-css=\"&quot;.timeline &gt; .timeline-rand-3 .timeline-badge { color: #333333; }&quot;\"><div class=\"timeline-badge sq\"><img decoding=\"async\" class=\"img-fluid\" src=\"https:\/\/wpsandbox.ucm.jobs\/wp-content\/uploads\/2020\/02\/timeline-separator-18x18.png\" width=\"18\" height=\"18\" alt=\"\" \/><\/div><div class=\"timeline-sep-title\">2<\/div><div class=\"timeline-panel\"><div class=\"timeline-heading\"><h4 class=\"timeline-title\">Text<\/h4><\/div><div class=\"timeline-body\"><p>Mit unserer Software buchen Personalsuchende qualifizierte Bewerber f\u00fcr ihre Veranstaltung. <\/p><\/div><\/div><\/li><!-- .timeline item li --><li class=\" timeline-inverted timeline-rand-4 factrie-inline-css\" data-css=\"&quot;.timeline &gt; .timeline-rand-4 .timeline-badge { color: #333333; }&quot;\"><div class=\"timeline-badge sq\"><img decoding=\"async\" class=\"img-fluid\" src=\"https:\/\/wpsandbox.ucm.jobs\/wp-content\/uploads\/2020\/02\/timeline-separator-18x18.png\" width=\"18\" height=\"18\" alt=\"\" \/><\/div><div class=\"timeline-sep-title\">3<\/div><div class=\"timeline-panel\"><div class=\"timeline-heading\"><h4 class=\"timeline-title\">Text<\/h4><\/div><div class=\"timeline-body\"><p>Dank exzellenter Teamarbeit wird die Veranstaltung ein voller Erfolg.<\/p><\/div><\/div><\/li><!-- .timeline item li --><\/ul><\/div><!-- .timeline-wrapper -->[vc_empty_space height=&#8221;30px&#8221;][vc_btn title=&#8221;Jetzt anfragen&#8221; align=&#8221;center&#8221; link=&#8221;url:%23|||&#8221; el_class=&#8221;comp-2&#8243;][vc_empty_space height=&#8221;30px&#8221;][\/vc_column][\/vc_row][vc_row full_width=&#8221;stretch_row&#8221; css=&#8221;.vc_custom_1582267009946{padding-bottom: 0px !important;background-color: #f6f6f6 !important;}&#8221; el_class=&#8221;customer-time&#8221;][vc_column][vc_column_text css=&#8221;.vc_custom_1595574564988{padding-bottom: 20px !important;}&#8221;]<\/p>\n<h2 style=\"text-align: center;\">How it works<\/h2>\n<p>[\/vc_column_text]<div class=\"timeline-wrapper timeline-style-3\" data-css=\"&quot;&quot;\"><ul class=\"timeline\"><li class=\" timeline-inverted timeline-rand-6 factrie-inline-css\" data-css=\"&quot;.timeline &gt; .timeline-rand-6 .timeline-badge { color: #333333; }&quot;\"><div class=\"timeline-badge sq\"><img decoding=\"async\" class=\"img-fluid\" src=\"https:\/\/wpsandbox.ucm.jobs\/wp-content\/uploads\/2020\/02\/timeline-separator-18x18.png\" width=\"18\" height=\"18\" alt=\"\" \/><\/div><div class=\"timeline-sep-title\">1<\/div><div class=\"timeline-panel\"><div class=\"timeline-heading\"><h4 class=\"timeline-title\">Send a non-binding inquiry<\/h4><\/div><div class=\"timeline-body\"><p>Request qualified event personnel and reliable helpers for your company to support your activities \u2013 according to your individual wishes.<\/p><\/div><\/div><\/li><!-- .timeline item li --><li class=\" timeline-inverted timeline-rand-7 factrie-inline-css\" data-css=\"&quot;.timeline &gt; .timeline-rand-7 .timeline-badge { color: #333333; }&quot;\"><div class=\"timeline-badge sq\"><img decoding=\"async\" class=\"img-fluid\" src=\"https:\/\/wpsandbox.ucm.jobs\/wp-content\/uploads\/2020\/02\/timeline-separator-18x18.png\" width=\"18\" height=\"18\" alt=\"\" \/><\/div><div class=\"timeline-sep-title\">2<\/div><div class=\"timeline-panel\"><div class=\"timeline-heading\"><h4 class=\"timeline-title\">Receive an unbeatable offer<\/h4><\/div><div class=\"timeline-body\"><p>Our experts at ucm.agency put a team together from over 32,000 of our trained employees, all tailored to your event or your company's needs.<\/p><\/div><\/div><\/li><!-- .timeline item li --><li class=\" timeline-inverted timeline-rand-8 factrie-inline-css\" data-css=\"&quot;.timeline &gt; .timeline-rand-8 .timeline-badge { color: #333333; }&quot;\"><div class=\"timeline-badge sq\"><img decoding=\"async\" class=\"img-fluid\" src=\"https:\/\/wpsandbox.ucm.jobs\/wp-content\/uploads\/2020\/02\/timeline-separator-18x18.png\" width=\"18\" height=\"18\" alt=\"\" \/><\/div><div class=\"timeline-sep-title\">3<\/div><div class=\"timeline-panel\"><div class=\"timeline-heading\"><h4 class=\"timeline-title\"> Experience an unforgettable success<\/h4><\/div><div class=\"timeline-body\"><p>Thanks to our dependable staff and the comprehensive support of our experienced project managers, you can rely on a smooth progress of your event and your business processes.<\/p><\/div><\/div><\/li><!-- .timeline item li --><\/ul><\/div><!-- .timeline-wrapper -->[vc_empty_space height=&#8221;30px&#8221;][vc_btn title=&#8221;book now&#8221; align=&#8221;center&#8221; link=&#8221;url:%23|||&#8221; el_class=&#8221;comp-2&#8243;][vc_empty_space height=&#8221;30px&#8221;][\/vc_column][\/vc_row][vc_row full_width=&#8221;stretch_row&#8221; equal_height=&#8221;yes&#8221; css=&#8221;.vc_custom_1582546062396{padding-top: 80px !important;padding-bottom: 0px !important;background-color: #f6f6f6 !important;}&#8221; el_class=&#8221;hostesses-staff&#8221;][vc_column][vc_row_inner css=&#8221;.vc_custom_1582635944355{padding-top: 20px !important;}&#8221;][vc_column_inner width=&#8221;2\/3&#8243;][vc_column_text css=&#8221;.vc_custom_1595574650644{padding-bottom: 20px !important;}&#8221;]<\/p>\n<h2>Frankfurt&#8217;s numerous possibilities<\/h2>\n<p>[\/vc_column_text][vc_column_text]We support you on occasions of any kind: whether congress, promotion, trade fair, event or roadshow. For example, you can present yourself to a broad and affluent audience with a promotion campaign in one of the most famous shopping streets in Germany: the Zeil. Our promotion hostesses, trained in sales and communication, will support you. Are you active in the food or catering sector? Spoil your potential customers with all kinds of delicacies in the tranquil &#8216;Fre\u00dfgass&#8217;, charmingly served by our service hostesses. For the presentation of your new fashion collection, a high-class event in Goethestra\u00dfe with our charming models is the perfect opportunity. Whatever you have in mind, Frankfurt and ucm.agency offer you the possibilities to realise it. Contact us without any obligation and tell us more about yourself and your planned event. Then we can get into the conception phase as quickly as possible and make your event in the banking metropolis of Frankfurt a lasting success. We look forward to meeting you![\/vc_column_text][\/vc_column_inner][vc_column_inner width=&#8221;1\/3&#8243;][vc_single_image image=&#8221;9887&#8243; img_size=&#8221;large&#8221; alignment=&#8221;center&#8221; css=&#8221;.vc_custom_1600452070819{padding-top: 25px !important;}&#8221;][\/vc_column_inner][\/vc_row_inner][\/vc_column][\/vc_row][vc_row full_width=&#8221;stretch_row&#8221; equal_height=&#8221;yes&#8221; css=&#8221;.vc_custom_1596540397814{padding-top: 80px !important;padding-bottom: 0px !important;background-color: #f6f6f6 !important;}&#8221; el_class=&#8221;hostesses-staff&#8221;][vc_column][vc_empty_space height=&#8221;20px&#8221;][vc_column_text css=&#8221;.vc_custom_1600451398400{padding-bottom: 20px !important;}&#8221;]<\/p>\n<h2>ucm.agency staff<\/h2>\n<p>[\/vc_column_text]<div class=\"content-carousel-wrapper text-center\" data-css=\"&quot;&quot;\"><div class=\"owl-carousel\" data-loop=\"1\" data-margin=\"0\" data-center=\"0\" data-nav=\"1\" data-dots=\"0\" data-autoplay=\"0\" data-items=\"4\" data-items-tab=\"2\" data-items-mob=\"1\" data-duration=\"3000\" data-smartspeed=\"250\" data-scrollby=\"1\" data-autoheight=\"false\">[vc_raw_html]JTNDYSUyMGhyZWYlM0QlMjIlMkZlbiUyRnN0YWZmJTJGZXhoaWJpdGlvbi1ob3N0ZXNzZXMlMkYlMjIlM0UlM0NpbWclMjBzcmMlM0QlMjIlMkZ3cC1jb250ZW50JTJGdXBsb2FkcyUyRjIwMjAlMkYwMiUyRkRlbW8tTWVzc2Vob3N0ZXNzZW4uanBnJTIyJTNFJTNDJTJGYSUzRSUwQSUzQ2ElMjBocmVmJTNEJTIyJTJGZW4lMkZzdGFmZiUyRmV4aGliaXRpb24taG9zdGVzc2VzJTJGJTIyJTNFJTNDaDQlMjBzdHlsZSUzRCUyMm1hcmdpbi10b3AlM0ExNXB4JTNCJTIyJTNFRXhoaWJpdGlvbiUyMEhvc3Rlc3NlcyUzQyUyRmg0JTNFJTNDJTJGYSUzRQ==[\/vc_raw_html][vc_raw_html]JTNDYSUyMGhyZWYlM0QlMjIlMkZlbiUyRnN0YWZmJTJGcHJvbW90ZXJzJTJGJTIyJTNFJTNDaW1nJTIwc3JjJTNEJTIyJTJGd3AtY29udGVudCUyRnVwbG9hZHMlMkYyMDIwJTJGMDMlMkYxOS4tUHJvbW90ZXIucG5nJTIyJTNFJTNDJTJGYSUzRSUwQSUzQ2ElMjBocmVmJTNEJTIyJTJGZW4lMkZzdGFmZiUyRnByb21vdGVycyUyRiUyMiUzRSUzQ2g0JTIwc3R5bGUlM0QlMjJtYXJnaW4tdG9wJTNBMTVweCUzQiUyMiUzRVByb21vdGVycyUzQyUyRmg0JTNFJTNDJTJGYSUzRQ==[\/vc_raw_html][vc_raw_html]JTNDYSUyMGhyZWYlM0QlMjIlMkZlbiUyRnN0YWZmJTJGc2VydmljZS1ob3N0ZXNzZXMlMkYlMjIlM0UlM0NpbWclMjBzcmMlM0QlMjIlMkZ3cC1jb250ZW50JTJGdXBsb2FkcyUyRjIwMjAlMkYwMyUyRjAzLi1TZXJ2aWNlaG9zdGVzc2VuLWhvc3RzLnBuZyUyMiUzRSUzQyUyRmElM0UlMEElM0NhJTIwaHJlZiUzRCUyMiUyRmVuJTJGc3RhZmYlMkZzZXJ2aWNlLWhvc3Rlc3NlcyUyRiUyMiUzRSUzQ2g0JTIwc3R5bGUlM0QlMjJtYXJnaW4tdG9wJTNBMTVweCUzQiUyMiUzRVNlcnZpY2UlMjBIb3N0ZXNzZXMlM0MlMkZoNCUzRSUzQyUyRmElM0U=[\/vc_raw_html][vc_raw_html]JTNDYSUyMGhyZWYlM0QlMjIlMkZlbiUyRnN0YWZmJTJGd2FyZWhvdXNlLWhlbHBlcnMlMkYlMjIlM0UlM0NpbWclMjBzcmMlM0QlMjIlMkZ3cC1jb250ZW50JTJGdXBsb2FkcyUyRjIwMjAlMkYwNiUyRkxhZ2VyaGVsZmVyX0Nhcm91c2VsLnBuZyUyMiUzRSUzQyUyRmElM0UlMEElM0NhJTIwaHJlZiUzRCUyMiUyRmVuJTJGc3RhZmYlMkZ3YXJlaG91c2UtaGVscGVycyUyRiUyMiUzRSUzQ2g0JTIwc3R5bGUlM0QlMjJtYXJnaW4tdG9wJTNBMTVweCUzQiUyMiUzRVdhcmVob3VzZSUyMEhlbHBlcnMlM0MlMkZoNCUzRSUzQyUyRmElM0U=[\/vc_raw_html][vc_raw_html]JTNDYSUyMGhyZWYlM0QlMjIlMkZlbiUyRnN0YWZmJTJGcHJvZHVjdGlvbi1oZWxwZXJzJTJGJTIyJTNFJTNDaW1nJTIwc3JjJTNEJTIyJTJGd3AtY29udGVudCUyRnVwbG9hZHMlMkYyMDIwJTJGMDYlMkZQcm9kdWt0aW9uc2hlbGZlcl9DYXJvdXNlbC5wbmclMjIlM0UlM0MlMkZhJTNFJTBBJTNDYSUyMGhyZWYlM0QlMjIlMkZlbiUyRnN0YWZmJTJGcHJvZHVjdGlvbi1oZWxwZXJzJTJGJTIyJTNFJTNDaDQlMjBzdHlsZSUzRCUyMm1hcmdpbi10b3AlM0ExNXB4JTNCJTIyJTNFUHJvZHVjdGlvbiUyMEhlbHBlcnMlM0MlMkZoNCUzRSUzQyUyRmElM0U=[\/vc_raw_html][vc_raw_html]JTNDYSUyMGhyZWYlM0QlMjIlMkZlbiUyRnN0YWZmJTJGc2hpcHBpbmctaGVscGVycyUyRiUyMiUzRSUzQ2ltZyUyMHNyYyUzRCUyMiUyRndwLWNvbnRlbnQlMkZ1cGxvYWRzJTJGMjAyMCUyRjA2JTJGVmVyc2FuZGhlbGZlcl9DYXJvdXNlbC5wbmclMjIlM0UlM0MlMkZhJTNFJTBBJTNDYSUyMGhyZWYlM0QlMjIlMkZlbiUyRnN0YWZmJTJGc2hpcHBpbmctaGVscGVycyUyRiUyMiUzRSUzQ2g0JTIwc3R5bGUlM0QlMjJtYXJnaW4tdG9wJTNBMTVweCUzQiUyMiUzRVNoaXBwaW5nJTIwSGVscGVycyUzQyUyRmg0JTNFJTNDJTJGYSUzRQ==[\/vc_raw_html][vc_raw_html]JTNDYSUyMGhyZWYlM0QlMjIlMkZlbiUyRnN0YWZmJTJGYXNzZW1ibHktc3RhZmYlMkYlMjIlM0UlM0NpbWclMjBzcmMlM0QlMjIlMkZ3cC1jb250ZW50JTJGdXBsb2FkcyUyRjIwMjAlMkYwMyUyRjAxLi1BdWZiYXVoZWxmZXIucG5nJTIyJTNFJTNDJTJGYSUzRSUwQSUzQ2ElMjBocmVmJTNEJTIyJTJGZW4lMkZzdGFmZiUyRmFzc2VtYmx5LXN0YWZmJTJGJTIyJTNFJTNDaDQlMjBzdHlsZSUzRCUyMm1hcmdpbi10b3AlM0ExNXB4JTNCJTIyJTNFQXNzZW1ibHklMjBTdGFmZiUzQyUyRmg0JTNFJTNDJTJGYSUzRQ==[\/vc_raw_html][vc_raw_html]JTNDYSUyMGhyZWYlM0QlMjIlMkZlbiUyRnN0YWZmJTJGbW9kZWwtaG9zdGVzc2VzJTJGJTIyJTNFJTNDaW1nJTIwc3JjJTNEJTIyJTJGd3AtY29udGVudCUyRnVwbG9hZHMlMkYyMDIwJTJGMDIlMkZNb2RlbGhvc3Rlc3Nlbi5qcGclMjIlM0UlM0MlMkZhJTNFJTBBJTNDYSUyMGhyZWYlM0QlMjIlMkZlbiUyRnN0YWZmJTJGbW9kZWwtaG9zdGVzc2VzJTJGJTIyJTNFJTNDaDQlMjBzdHlsZSUzRCUyMm1hcmdpbi10b3AlM0ExNXB4JTNCJTIyJTNFTW9kZWwlMjBIb3N0ZXNzZXMlM0MlMkZoNCUzRSUzQyUyRmElM0U=[\/vc_raw_html][vc_raw_html]JTNDYSUyMGhyZWYlM0QlMjIlMkZlbiUyRnN0YWZmJTJGbXVsdGlsaW5ndWFsLWhvc3Rlc3NlcyUyRiUyMiUzRSUzQ2ltZyUyMHNyYyUzRCUyMiUyRndwLWNvbnRlbnQlMkZ1cGxvYWRzJTJGMjAyMCUyRjAyJTJGRnJlbWRzcHJhY2hlbi1Ib3N0ZXNzZW4uanBnJTIyJTNFJTNDJTJGYSUzRSUwQSUzQ2ElMjBocmVmJTNEJTIyJTJGZW4lMkZzdGFmZiUyRm11bHRpbGluZ3VhbC1ob3N0ZXNzZXMlMkYlMjIlM0UlM0NoNCUyMHN0eWxlJTNEJTIybWFyZ2luLXRvcCUzQTE1cHglM0IlMjIlM0VNdWx0aWxpbmd1YWwlMjBIb3N0ZXNzZXMlM0MlMkZoNCUzRSUzQyUyRmElM0U=[\/vc_raw_html]<\/div><!-- .owl-carousel --><\/div><!-- .content-carousel-wrapper -->[\/vc_column][\/vc_row][vc_row full_width=&#8221;stretch_row&#8221; css=&#8221;.vc_custom_1583400511368{background-color: #f6f6f6 !important;}&#8221;][vc_column][vc_column_text css=&#8221;.vc_custom_1595574787191{padding-bottom: 20px !important;}&#8221;]<\/p>\n<h2 style=\"text-align: center;\">We are<\/h2>\n<p>[\/vc_column_text][vc_row_inner][vc_column_inner width=&#8221;1\/4&#8243;][vc_single_image image=&#8221;10242&#8243; img_size=&#8221;150&#215;150&#8243; alignment=&#8221;center&#8221;][vc_column_text]<\/p>\n<h4 style=\"text-align: center; margin-bottom: 20px;\">fast<\/h4>\n<p style=\"text-align: center;\">Over 32,000 employees that can be deployed at short notice<\/p>\n<p>[\/vc_column_text][\/vc_column_inner][vc_column_inner width=&#8221;1\/4&#8243;][vc_single_image image=&#8221;10243&#8243; img_size=&#8221;150&#215;150&#8243; alignment=&#8221;center&#8221;][vc_column_text]<\/p>\n<h4 style=\"text-align: center; margin-bottom: 20px;\">qualified<\/h4>\n<p style=\"text-align: center;\">Tested and qualified employees<\/p>\n<p>[\/vc_column_text][\/vc_column_inner][vc_column_inner width=&#8221;1\/4&#8243;][vc_single_image image=&#8221;10244&#8243; img_size=&#8221;150&#215;150&#8243; alignment=&#8221;center&#8221;][vc_column_text]<\/p>\n<h4 style=\"text-align: center; margin-bottom: 20px;\">secure<\/h4>\n<p style=\"text-align: center;\">Legally secure registration and deregistration of our employees<\/p>\n<p>[\/vc_column_text][\/vc_column_inner][vc_column_inner width=&#8221;1\/4&#8243;][vc_single_image image=&#8221;10245&#8243; img_size=&#8221;150&#215;150&#8243; alignment=&#8221;center&#8221;][vc_column_text]<\/p>\n<h4 style=\"text-align: center; margin-bottom: 20px;\">fair<\/h4>\n<p style=\"text-align: center;\">Book our employees from 17,50 \u20ac per hour<\/p>\n<p>[\/vc_column_text][\/vc_column_inner][\/vc_row_inner][\/vc_column][\/vc_row][vc_row full_width=&#8221;stretch_row&#8221; disable_element=&#8221;yes&#8221; css=&#8221;.vc_custom_1583400474830{background-color: #f6f6f6 !important;}&#8221;][vc_column][vc_row_inner][vc_column_inner width=&#8221;1\/2&#8243;][vc_column_text]<\/p>\n<h2>Mehr als nur Personalvermittlung<\/h2>\n<p>[\/vc_column_text][vc_column_text]ucm.agency stellt Ihnen eine gro\u00dfartige Auswahl von Hostessen und Hosts zur Verf\u00fcgung. Aus \u00fcber 32.000 Mitarbeitern k\u00f6nnen Sie sich Ihr individuelles Hostess-Team frei ausw\u00e4hlen. An 24 Stunden am Tag und sieben Tage in der Woche stehen Ihnen unsere Eventmitarbeiter bereits ab 17,50 Euro pro Stunde vertrauensvoll zur Seite. Um Ihnen kurzfristige Eins\u00e4tze zu erm\u00f6glichen, k\u00f6nnen Sie ucm.agency-Messehostessen und weiteres Personal bis zu 24 Stunden vor Einsatzbeginn buchen. ucm.agency \u00fcbernimmt dabei alle zus\u00e4tzlich anfallenden Kosten wie z.B. Krankenkassenumlage, Unfallversicherung und Koordinationskosten, beispielsweise An- und Abfahrten der Messehostessen. Bei einer Buchung \u00fcber ucm.agency gew\u00e4hrleisten wir Ihnen einen reibungslosen Ablauf Ihrer Veranstaltung. Senden Sie uns eine Anfrage. Wir erstellen Ihnen sogleich ein unverbindliches Angebot. Wir freuen uns auf Sie![\/vc_column_text][\/vc_column_inner][vc_column_inner width=&#8221;1\/2&#8243;][vc_empty_space height=&#8221;10px&#8221;][vc_single_image image=&#8221;8601&#8243; img_size=&#8221;large&#8221; alignment=&#8221;center&#8221;][\/vc_column_inner][\/vc_row_inner][\/vc_column][\/vc_row][vc_row full_width=&#8221;stretch_row&#8221; css=&#8221;.vc_custom_1582264371683{padding-bottom: 70px !important;background-color: #114358 !important;}&#8221;][vc_column][vc_row_inner][vc_column_inner width=&#8221;1\/3&#8243;]<div class=\"counter-wrapper counter-style-4 text-center shortcode-rand-10 factrie-inline-css\" data-css=\"&quot;.shortcode-rand-10.counter-wrapper, .shortcode-rand-10.counter-wrapper h4, .shortcode-rand-10.counter-wrapper h3 { color: #ffffff; }.shortcode-rand-10.counter-wrapper h3 { color: #ffffff; }&quot;\"><div class=\"media\"><div class=\"counter-icon icon-dark mr-3\" data-css=\"&quot;&quot;\"><span class=\"\"><\/span><\/div><!-- .counter-icon --><div class=\"media-body\"><div class=\"counter-value\"><h3><span class=\"counter-up\" data-count=\"32021\">0<\/span><\/h3><\/div><!-- .counter-value --><div class=\"counter-title\"><h4>employees flexibly deployed nationwide<\/h4><\/div><!-- .counter-title --><\/div><!-- .media-body --><\/div><!-- .media --><\/div><!-- .counter-wrapper -->[\/vc_column_inner][vc_column_inner width=&#8221;1\/3&#8243;]<div class=\"counter-wrapper counter-style-4 text-center shortcode-rand-11 factrie-inline-css\" data-css=\"&quot;.shortcode-rand-11.counter-wrapper, .shortcode-rand-11.counter-wrapper h4, .shortcode-rand-11.counter-wrapper h3 { color: #ffffff; }.shortcode-rand-11.counter-wrapper h3 { color: #ffffff; }&quot;\"><div class=\"media\"><div class=\"counter-icon icon-dark mr-3\" data-css=\"&quot;&quot;\"><span class=\"\"><\/span><\/div><!-- .counter-icon --><div class=\"media-body\"><div class=\"counter-value\"><h3><span class=\"counter-up\" data-count=\"3211\">0<\/span><\/h3><\/div><!-- .counter-value --><div class=\"counter-title\"><h4>satisfied customers<\/h4><\/div><!-- .counter-title --><\/div><!-- .media-body --><\/div><!-- .media --><\/div><!-- .counter-wrapper -->[\/vc_column_inner][vc_column_inner width=&#8221;1\/3&#8243;]<div class=\"counter-wrapper counter-style-4 text-center shortcode-rand-12 factrie-inline-css\" data-css=\"&quot;.shortcode-rand-12.counter-wrapper, .shortcode-rand-12.counter-wrapper h4, .shortcode-rand-12.counter-wrapper h3 { color: #ffffff; }.shortcode-rand-12.counter-wrapper h3 { color: #ffffff; }&quot;\"><div class=\"media\"><div class=\"counter-icon icon-dark mr-3\" data-css=\"&quot;&quot;\"><span class=\"\"><\/span><\/div><!-- .counter-icon --><div class=\"media-body\"><div class=\"counter-value\"><h3><span class=\"counter-up\" data-count=\"18157\">0<\/span><\/h3><\/div><!-- .counter-value --><div class=\"counter-title\"><h4>satisfied customers<\/h4><\/div><!-- .counter-title --><\/div><!-- .media-body --><\/div><!-- .media --><\/div><!-- .counter-wrapper -->[\/vc_column_inner][\/vc_row_inner][\/vc_column][\/vc_row][vc_row full_width=&#8221;stretch_row&#8221; css=&#8221;.vc_custom_1582605469460{background-color: #f6f6f6 !important;}&#8221;][vc_column width=&#8221;1\/2&#8243;][vc_column_text]<\/p>\n<h2 style=\"text-align: left;\">Our customers are delighted with ucm.agency! See for yourself and check out the quality of our services!<\/h2>\n<p>[\/vc_column_text][vc_column_text]<\/p>\n<p class=\"text-21\" style=\"text-align: left;\">Request a non-binding offer now! Fill out our short online form and we will get back to you within 60 minutes.<\/p>\n<p>[\/vc_column_text][\/vc_column][vc_column width=&#8221;1\/2&#8243;][vc_empty_space height=&#8221;20px&#8221;][vc_btn title=&#8221;Contact us now!&#8221; align=&#8221;center&#8221; link=&#8221;url:%23dwnld|||&#8221; el_class=&#8221;comp-3 ucm-80&#8243;][\/vc_column][\/vc_row]<\/p>\n<\/section>","protected":false},"excerpt":{"rendered":"<p>[vc_row full_width=&#8221;stretch_row&#8221; css=&#8221;.vc_custom_1581918929192{padding-top: 50px !important;padding-bottom: 50px !important;background-color: #114358 !important;}&#8221; el_class=&#8221;main-heading&#8221;][vc_column width=&#8221;1\/2&#8243; el_class=&#8221;ucm-80&#8243;][vc_column_text] ucm.agency in Frankfurt am Main [\/vc_column_text][vc_column_text el_class=&#8221;tickgray-li&#8221;] Your competent temporary staff partner directly on site Qualified &amp; trained event personnel Individual consulting &amp; placement of personnel [\/vc_column_text][vc_btn title=&#8221;book now&#8221; link=&#8221;url:%23dwnld|||&#8221; el_class=&#8221;comp-1&#8243;][\/vc_column][vc_column width=&#8221;1\/2&#8243;][vc_single_image image=&#8221;9188&#8243; img_size=&#8221;full&#8221; alignment=&#8221;center&#8221;][\/vc_column][\/vc_row][vc_row full_width=&#8221;stretch_row&#8221; equal_height=&#8221;yes&#8221; css=&#8221;.vc_custom_1582266401753{padding-bottom: 0px !important;background-color: #f6f6f6 !important;}&#8221;][vc_column][vc_row_inner css=&#8221;.vc_custom_1582088466345{padding-top:<\/p>\n","protected":false},"author":8,"featured_media":0,"parent":0,"menu_order":0,"comment_status":"closed","ping_status":"closed","template":"","meta":{"_acf_changed":false,"inline_featured_image":false,"uix_meta_title":"","uix_meta_description":"","uix_canonical_url":"","footnotes":""},"class_list":["post-12519","page","type-page","status-publish","hentry"],"acf":[],"_links":{"self":[{"href":"https:\/\/wpsandbox.ucm.jobs\/en\/wp-json\/wp\/v2\/pages\/12519","targetHints":{"allow":["GET"]}}],"collection":[{"href":"https:\/\/wpsandbox.ucm.jobs\/en\/wp-json\/wp\/v2\/pages"}],"about":[{"href":"https:\/\/wpsandbox.ucm.jobs\/en\/wp-json\/wp\/v2\/types\/page"}],"author":[{"embeddable":true,"href":"https:\/\/wpsandbox.ucm.jobs\/en\/wp-json\/wp\/v2\/users\/8"}],"replies":[{"embeddable":true,"href":"https:\/\/wpsandbox.ucm.jobs\/en\/wp-json\/wp\/v2\/comments?post=12519"}],"version-history":[{"count":0,"href":"https:\/\/wpsandbox.ucm.jobs\/en\/wp-json\/wp\/v2\/pages\/12519\/revisions"}],"wp:attachment":[{"href":"https:\/\/wpsandbox.ucm.jobs\/en\/wp-json\/wp\/v2\/media?parent=12519"}],"curies":[{"name":"wp","href":"https:\/\/api.w.org\/{rel}","templated":true}]}}