{"id":5247,"date":"2018-12-22T09:19:09","date_gmt":"2018-12-22T09:19:09","guid":{"rendered":"http:\/\/demo.zozothemes.com\/factrie\/?page_id=5247"},"modified":"2025-02-06T14:13:45","modified_gmt":"2025-02-06T14:13:45","slug":"ucm-magazin","status":"publish","type":"page","link":"https:\/\/wpsandbox.ucm.jobs\/de\/unternehmen\/ucm-magazin\/","title":{"rendered":"Magazin"},"content":{"rendered":"\t\t<div data-elementor-type=\"wp-page\" data-elementor-id=\"5247\" class=\"elementor elementor-5247\" data-elementor-post-type=\"page\">\n\t\t\t\t<div class=\"elementor-element elementor-element-f7d2717 e-flex e-con-boxed e-con e-parent\" data-id=\"f7d2717\" data-element_type=\"container\">\n\t\t\t\t\t<div class=\"e-con-inner\">\n\t\t\t\t<div class=\"elementor-element elementor-element-8fb343c elementor-widget elementor-widget-heading\" data-id=\"8fb343c\" data-element_type=\"widget\" data-widget_type=\"heading.default\">\n\t\t\t\t<div class=\"elementor-widget-container\">\n\t\t\t\t\t<h1 class=\"elementor-heading-title elementor-size-default\">ucm Kundenmagazin<\/h1>\t\t\t\t<\/div>\n\t\t\t\t<\/div>\n\t\t\t\t<div class=\"elementor-element elementor-element-aa2c93a elementor-widget elementor-widget-heading\" data-id=\"aa2c93a\" data-element_type=\"widget\" data-widget_type=\"heading.default\">\n\t\t\t\t<div class=\"elementor-widget-container\">\n\t\t\t\t\t<h2 class=\"elementor-heading-title elementor-size-default\">Veranstaltungsbranche | Logistik | Wirtschaft | Aktuelles\n<\/h2>\t\t\t\t<\/div>\n\t\t\t\t<\/div>\n\t\t\t\t\t<\/div>\n\t\t\t\t<\/div>\n\t\t<div class=\"elementor-element elementor-element-17f25fca e-flex e-con-boxed e-con e-parent\" data-id=\"17f25fca\" data-element_type=\"container\">\n\t\t\t\t\t<div class=\"e-con-inner\">\n\t\t\t\t<div class=\"elementor-element elementor-element-bde9038 elementor-posts--align-left elementor-grid-3 elementor-grid-tablet-2 elementor-grid-mobile-1 elementor-posts--thumbnail-top elementor-widget elementor-widget-posts\" data-id=\"bde9038\" data-element_type=\"widget\" data-settings=\"{&quot;classic_row_gap&quot;:{&quot;unit&quot;:&quot;px&quot;,&quot;size&quot;:20,&quot;sizes&quot;:[]},&quot;classic_columns&quot;:&quot;3&quot;,&quot;classic_columns_tablet&quot;:&quot;2&quot;,&quot;classic_columns_mobile&quot;:&quot;1&quot;,&quot;classic_row_gap_tablet&quot;:{&quot;unit&quot;:&quot;px&quot;,&quot;size&quot;:&quot;&quot;,&quot;sizes&quot;:[]},&quot;classic_row_gap_mobile&quot;:{&quot;unit&quot;:&quot;px&quot;,&quot;size&quot;:&quot;&quot;,&quot;sizes&quot;:[]}}\" data-widget_type=\"posts.classic\">\n\t\t\t\t<div class=\"elementor-widget-container\">\n\t\t\t\t\t\t\t<div class=\"elementor-posts-container elementor-posts elementor-posts--skin-classic elementor-grid\" role=\"list\">\n\t\t\t\t<article class=\"elementor-post elementor-grid-item post-17787 post type-post status-publish format-standard has-post-thumbnail hentry category-case-studies\" role=\"listitem\">\n\t\t\t\t<a class=\"elementor-post__thumbnail__link\" href=\"https:\/\/wpsandbox.ucm.jobs\/de\/case-study-mauerfall-promotion\/\" tabindex=\"-1\">\n\t\t\t<div class=\"elementor-post__thumbnail\"><img fetchpriority=\"high\" decoding=\"async\" width=\"768\" height=\"456\" src=\"https:\/\/wpsandbox.ucm.jobs\/wp-content\/uploads\/2023\/04\/AdobeStock_84228548_Preview-1-768x456.webp\" class=\"attachment-medium size-medium wp-image-17768\" alt=\"Zwei Frauen laufen entlang der Eastside Gallery\" srcset=\"https:\/\/wpsandbox.ucm.jobs\/wp-content\/uploads\/2023\/04\/AdobeStock_84228548_Preview-1-768x456.webp 768w, https:\/\/wpsandbox.ucm.jobs\/wp-content\/uploads\/2023\/04\/AdobeStock_84228548_Preview-1-1170x694.webp 1170w, https:\/\/wpsandbox.ucm.jobs\/wp-content\/uploads\/2023\/04\/AdobeStock_84228548_Preview-1-440x260.webp 440w, https:\/\/wpsandbox.ucm.jobs\/wp-content\/uploads\/2023\/04\/AdobeStock_84228548_Preview-1-390x231.webp 390w, https:\/\/wpsandbox.ucm.jobs\/wp-content\/uploads\/2023\/04\/AdobeStock_84228548_Preview-1-220x130.webp 220w\" sizes=\"(max-width: 768px) 100vw, 768px\" \/><\/div>\n\t\t<\/a>\n\t\t\t\t<div class=\"elementor-post__text\">\n\t\t\t\t<h2 class=\"elementor-post__title\">\n\t\t\t<a href=\"https:\/\/wpsandbox.ucm.jobs\/de\/case-study-mauerfall-promotion\/\">\n\t\t\t\tCase Study: Mauerfall-Promotion-Projekt\t\t\t<\/a>\n\t\t<\/h2>\n\t\t\t\t<div class=\"elementor-post__meta-data\">\n\t\t\t\t\t<span class=\"elementor-post-date\">\n\t\t\tMai 11, 2023\t\t<\/span>\n\t\t\t\t<\/div>\n\t\t\t\t<div class=\"elementor-post__excerpt\">\n\t\t\t<p>Case Study Promotion-Erfolg f\u00fcr Berliner Kunstprojekt anl\u00e4sslich des Mauerfall-Jubil\u00e4ums Erfolgreiche Promotion f\u00fcr ein k\u00fcnstlerisches Projekt in Berlin Das Ziel war<\/p>\n\t\t<\/div>\n\t\t\n\t\t<a class=\"elementor-post__read-more\" href=\"https:\/\/wpsandbox.ucm.jobs\/de\/case-study-mauerfall-promotion\/\" aria-label=\"Mehr \u00fcber Case Study: Mauerfall-Promotion-Projekt\" tabindex=\"-1\">\n\t\t\tWeiterlesen \u00bb\t\t<\/a>\n\n\t\t\t\t<\/div>\n\t\t\t\t<\/article>\n\t\t\t\t<article class=\"elementor-post elementor-grid-item post-17668 post type-post status-publish format-standard has-post-thumbnail hentry category-case-studies\" role=\"listitem\">\n\t\t\t\t<a class=\"elementor-post__thumbnail__link\" href=\"https:\/\/wpsandbox.ucm.jobs\/de\/case-study-luca-app-promotion\/\" tabindex=\"-1\">\n\t\t\t<div class=\"elementor-post__thumbnail\"><img decoding=\"async\" width=\"768\" height=\"456\" src=\"https:\/\/wpsandbox.ucm.jobs\/wp-content\/uploads\/2023\/04\/IMG_6672-1-768x456.webp\" class=\"attachment-medium size-medium wp-image-17669\" alt=\"Eine Gruppe junger Menschen sitzt in einem Restaurant\" srcset=\"https:\/\/wpsandbox.ucm.jobs\/wp-content\/uploads\/2023\/04\/IMG_6672-1-768x456.webp 768w, https:\/\/wpsandbox.ucm.jobs\/wp-content\/uploads\/2023\/04\/IMG_6672-1-1170x694.webp 1170w, https:\/\/wpsandbox.ucm.jobs\/wp-content\/uploads\/2023\/04\/IMG_6672-1-440x260.webp 440w, https:\/\/wpsandbox.ucm.jobs\/wp-content\/uploads\/2023\/04\/IMG_6672-1-390x231.webp 390w, https:\/\/wpsandbox.ucm.jobs\/wp-content\/uploads\/2023\/04\/IMG_6672-1-220x130.webp 220w\" sizes=\"(max-width: 768px) 100vw, 768px\" \/><\/div>\n\t\t<\/a>\n\t\t\t\t<div class=\"elementor-post__text\">\n\t\t\t\t<h2 class=\"elementor-post__title\">\n\t\t\t<a href=\"https:\/\/wpsandbox.ucm.jobs\/de\/case-study-luca-app-promotion\/\">\n\t\t\t\tCase Study: luca Projekt\t\t\t<\/a>\n\t\t<\/h2>\n\t\t\t\t<div class=\"elementor-post__meta-data\">\n\t\t\t\t\t<span class=\"elementor-post-date\">\n\t\t\tMai 11, 2023\t\t<\/span>\n\t\t\t\t<\/div>\n\t\t\t\t<div class=\"elementor-post__excerpt\">\n\t\t\t<p>Case Study App Promotion erster Klasse Promotion einer neuen Funktion in der Luca-App Wir haben den Auftrag erhalten, ein neues<\/p>\n\t\t<\/div>\n\t\t\n\t\t<a class=\"elementor-post__read-more\" href=\"https:\/\/wpsandbox.ucm.jobs\/de\/case-study-luca-app-promotion\/\" aria-label=\"Mehr \u00fcber Case Study: luca Projekt\" tabindex=\"-1\">\n\t\t\tWeiterlesen \u00bb\t\t<\/a>\n\n\t\t\t\t<\/div>\n\t\t\t\t<\/article>\n\t\t\t\t<article class=\"elementor-post elementor-grid-item post-17891 post type-post status-publish format-standard has-post-thumbnail hentry category-case-studies\" role=\"listitem\">\n\t\t\t\t<a class=\"elementor-post__thumbnail__link\" href=\"https:\/\/wpsandbox.ucm.jobs\/de\/case-study-gartencenter-kundenkarte-promotion\/\" tabindex=\"-1\">\n\t\t\t<div class=\"elementor-post__thumbnail\"><img decoding=\"async\" width=\"768\" height=\"456\" src=\"https:\/\/wpsandbox.ucm.jobs\/wp-content\/uploads\/2023\/05\/IMG_6672-1-_1_-768x456.webp\" class=\"attachment-medium size-medium wp-image-17854\" alt=\"Zwei Frauen mit bunten Pflanzen in einem Gew\u00e4chshaus\" srcset=\"https:\/\/wpsandbox.ucm.jobs\/wp-content\/uploads\/2023\/05\/IMG_6672-1-_1_-768x456.webp 768w, https:\/\/wpsandbox.ucm.jobs\/wp-content\/uploads\/2023\/05\/IMG_6672-1-_1_-440x260.webp 440w, https:\/\/wpsandbox.ucm.jobs\/wp-content\/uploads\/2023\/05\/IMG_6672-1-_1_-390x231.webp 390w, https:\/\/wpsandbox.ucm.jobs\/wp-content\/uploads\/2023\/05\/IMG_6672-1-_1_-220x130.webp 220w\" sizes=\"(max-width: 768px) 100vw, 768px\" \/><\/div>\n\t\t<\/a>\n\t\t\t\t<div class=\"elementor-post__text\">\n\t\t\t\t<h2 class=\"elementor-post__title\">\n\t\t\t<a href=\"https:\/\/wpsandbox.ucm.jobs\/de\/case-study-gartencenter-kundenkarte-promotion\/\">\n\t\t\t\tCase Study: Gartencenter Kundenkarte\t\t\t<\/a>\n\t\t<\/h2>\n\t\t\t\t<div class=\"elementor-post__meta-data\">\n\t\t\t\t\t<span class=\"elementor-post-date\">\n\t\t\tMai 11, 2023\t\t<\/span>\n\t\t\t\t<\/div>\n\t\t\t\t<div class=\"elementor-post__excerpt\">\n\t\t\t<p>Case Study Kundenbindung leicht gemacht Eine Kundenkartenaktion als erfolgreiches Promotion Langzeitprojekt Von 2017 bis 2022 f\u00fchrten wir f\u00fcr unseren Kunden<\/p>\n\t\t<\/div>\n\t\t\n\t\t<a class=\"elementor-post__read-more\" href=\"https:\/\/wpsandbox.ucm.jobs\/de\/case-study-gartencenter-kundenkarte-promotion\/\" aria-label=\"Mehr \u00fcber Case Study: Gartencenter Kundenkarte\" tabindex=\"-1\">\n\t\t\tWeiterlesen \u00bb\t\t<\/a>\n\n\t\t\t\t<\/div>\n\t\t\t\t<\/article>\n\t\t\t\t<article class=\"elementor-post elementor-grid-item post-17802 post type-post status-publish format-standard has-post-thumbnail hentry category-case-studies\" role=\"listitem\">\n\t\t\t\t<a class=\"elementor-post__thumbnail__link\" href=\"https:\/\/wpsandbox.ucm.jobs\/de\/case-study-smartphone-promotion\/\" tabindex=\"-1\">\n\t\t\t<div class=\"elementor-post__thumbnail\"><img loading=\"lazy\" decoding=\"async\" width=\"768\" height=\"456\" src=\"https:\/\/wpsandbox.ucm.jobs\/wp-content\/uploads\/2023\/04\/AdobeStock_260228320_Preview-1-_1_-768x456.webp\" class=\"attachment-medium size-medium wp-image-17808\" alt=\"Ein Mann und eine Frau unterhalten sich auf einer Messe\" srcset=\"https:\/\/wpsandbox.ucm.jobs\/wp-content\/uploads\/2023\/04\/AdobeStock_260228320_Preview-1-_1_-768x456.webp 768w, https:\/\/wpsandbox.ucm.jobs\/wp-content\/uploads\/2023\/04\/AdobeStock_260228320_Preview-1-_1_-1170x694.webp 1170w, https:\/\/wpsandbox.ucm.jobs\/wp-content\/uploads\/2023\/04\/AdobeStock_260228320_Preview-1-_1_-440x260.webp 440w, https:\/\/wpsandbox.ucm.jobs\/wp-content\/uploads\/2023\/04\/AdobeStock_260228320_Preview-1-_1_-390x231.webp 390w, https:\/\/wpsandbox.ucm.jobs\/wp-content\/uploads\/2023\/04\/AdobeStock_260228320_Preview-1-_1_-220x130.webp 220w\" sizes=\"(max-width: 768px) 100vw, 768px\" \/><\/div>\n\t\t<\/a>\n\t\t\t\t<div class=\"elementor-post__text\">\n\t\t\t\t<h2 class=\"elementor-post__title\">\n\t\t\t<a href=\"https:\/\/wpsandbox.ucm.jobs\/de\/case-study-smartphone-promotion\/\">\n\t\t\t\tCase Study: Smartphone Promotion zur Markteinf\u00fchrung\t\t\t<\/a>\n\t\t<\/h2>\n\t\t\t\t<div class=\"elementor-post__meta-data\">\n\t\t\t\t\t<span class=\"elementor-post-date\">\n\t\t\tMai 11, 2023\t\t<\/span>\n\t\t\t\t<\/div>\n\t\t\t\t<div class=\"elementor-post__excerpt\">\n\t\t\t<p>Case Study Promotion einer neuen Smartphone-Generation Effektive Promotion f\u00fcr einen globalen Marktf\u00fchrer Im Zeitraum von 2016 bis 2018 haben wir<\/p>\n\t\t<\/div>\n\t\t\n\t\t<a class=\"elementor-post__read-more\" href=\"https:\/\/wpsandbox.ucm.jobs\/de\/case-study-smartphone-promotion\/\" aria-label=\"Mehr \u00fcber Case Study: Smartphone Promotion zur Markteinf\u00fchrung\" tabindex=\"-1\">\n\t\t\tWeiterlesen \u00bb\t\t<\/a>\n\n\t\t\t\t<\/div>\n\t\t\t\t<\/article>\n\t\t\t\t<article class=\"elementor-post elementor-grid-item post-13725 post type-post status-publish format-standard has-post-thumbnail hentry category-wirtschaft category-corona-krise category-e-commerce category-lagerbetrieb-logistik category-news tag-personal-de tag-weihnachten tag-whitepaper\" role=\"listitem\">\n\t\t\t\t<a class=\"elementor-post__thumbnail__link\" href=\"https:\/\/wpsandbox.ucm.jobs\/de\/personalplanung-im-lager-zu-corona-zeiten\/\" tabindex=\"-1\">\n\t\t\t<div class=\"elementor-post__thumbnail\"><img loading=\"lazy\" decoding=\"async\" width=\"768\" height=\"456\" src=\"https:\/\/wpsandbox.ucm.jobs\/wp-content\/uploads\/2020\/11\/Blogartikel-Whitepaper-768x456.jpg\" class=\"attachment-medium size-medium wp-image-13738\" alt=\"Drei verschiedene Jobtypen dargestellt durch drei Menschen bei der Arbeit\" srcset=\"https:\/\/wpsandbox.ucm.jobs\/wp-content\/uploads\/2020\/11\/Blogartikel-Whitepaper-768x457.jpg 768w, https:\/\/wpsandbox.ucm.jobs\/wp-content\/uploads\/2020\/11\/Blogartikel-Whitepaper-440x260.jpg 440w, https:\/\/wpsandbox.ucm.jobs\/wp-content\/uploads\/2020\/11\/Blogartikel-Whitepaper-390x231.jpg 390w, https:\/\/wpsandbox.ucm.jobs\/wp-content\/uploads\/2020\/11\/Blogartikel-Whitepaper-220x130.jpg 220w, https:\/\/wpsandbox.ucm.jobs\/wp-content\/uploads\/2020\/11\/Blogartikel-Whitepaper.jpg 1042w\" sizes=\"(max-width: 768px) 100vw, 768px\" \/><\/div>\n\t\t<\/a>\n\t\t\t\t<div class=\"elementor-post__text\">\n\t\t\t\t<h2 class=\"elementor-post__title\">\n\t\t\t<a href=\"https:\/\/wpsandbox.ucm.jobs\/de\/personalplanung-im-lager-zu-corona-zeiten\/\">\n\t\t\t\tPersonalplanung im Lager zu Corona-Zeiten\t\t\t<\/a>\n\t\t<\/h2>\n\t\t\t\t<div class=\"elementor-post__meta-data\">\n\t\t\t\t\t<span class=\"elementor-post-date\">\n\t\t\tNovember 5, 2020\t\t<\/span>\n\t\t\t\t<\/div>\n\t\t\t\t<div class=\"elementor-post__excerpt\">\n\t\t\t<p>In diesem au\u00dfergew\u00f6hnlichen Jahr m\u00fcssen ungeahnte H\u00fcrden gemeistert werden &#8211; sowohl privat als auch im Beruf. W\u00e4hrend viele Wirtschaftsbereiche aufgrund<\/p>\n\t\t<\/div>\n\t\t\n\t\t<a class=\"elementor-post__read-more\" href=\"https:\/\/wpsandbox.ucm.jobs\/de\/personalplanung-im-lager-zu-corona-zeiten\/\" aria-label=\"Mehr \u00fcber Personalplanung im Lager zu Corona-Zeiten\" tabindex=\"-1\">\n\t\t\tWeiterlesen \u00bb\t\t<\/a>\n\n\t\t\t\t<\/div>\n\t\t\t\t<\/article>\n\t\t\t\t<article class=\"elementor-post elementor-grid-item post-13682 post type-post status-publish format-standard has-post-thumbnail hentry category-wirtschaft category-corona-krise category-e-commerce category-lagerbetrieb-logistik category-news tag-personal-de tag-weihnachten\" role=\"listitem\">\n\t\t\t\t<a class=\"elementor-post__thumbnail__link\" href=\"https:\/\/wpsandbox.ucm.jobs\/de\/paketboom-im-weihnachtsgeschaeft-2020-trotz-corona-erwartet\/\" tabindex=\"-1\">\n\t\t\t<div class=\"elementor-post__thumbnail\"><img loading=\"lazy\" decoding=\"async\" width=\"768\" height=\"456\" src=\"https:\/\/wpsandbox.ucm.jobs\/wp-content\/uploads\/2020\/10\/blogartikel-weihnachten-768x456.jpg\" class=\"attachment-medium size-medium wp-image-13687\" alt=\"Zwei aus Amazon Kartons gebaute M\u00e4nnchen sind in einem Lager und tragen Weihnachtsm\u00fctzen\" srcset=\"https:\/\/wpsandbox.ucm.jobs\/wp-content\/uploads\/2020\/10\/blogartikel-weihnachten-768x457.jpg 768w, https:\/\/wpsandbox.ucm.jobs\/wp-content\/uploads\/2020\/10\/blogartikel-weihnachten-440x260.jpg 440w, https:\/\/wpsandbox.ucm.jobs\/wp-content\/uploads\/2020\/10\/blogartikel-weihnachten-390x231.jpg 390w, https:\/\/wpsandbox.ucm.jobs\/wp-content\/uploads\/2020\/10\/blogartikel-weihnachten-220x130.jpg 220w, https:\/\/wpsandbox.ucm.jobs\/wp-content\/uploads\/2020\/10\/blogartikel-weihnachten.jpg 1042w\" sizes=\"(max-width: 768px) 100vw, 768px\" \/><\/div>\n\t\t<\/a>\n\t\t\t\t<div class=\"elementor-post__text\">\n\t\t\t\t<h2 class=\"elementor-post__title\">\n\t\t\t<a href=\"https:\/\/wpsandbox.ucm.jobs\/de\/paketboom-im-weihnachtsgeschaeft-2020-trotz-corona-erwartet\/\">\n\t\t\t\tPaketboom im Weihnachtsgesch\u00e4ft 2020 trotz Corona erwartet\t\t\t<\/a>\n\t\t<\/h2>\n\t\t\t\t<div class=\"elementor-post__meta-data\">\n\t\t\t\t\t<span class=\"elementor-post-date\">\n\t\t\tOktober 26, 2020\t\t<\/span>\n\t\t\t\t<\/div>\n\t\t\t\t<div class=\"elementor-post__excerpt\">\n\t\t\t<p>Logistiker m\u00fcssen sich schon jetzt f\u00fcr die umsatzst\u00e4rkste Zeit des Jahres wappnen. Denn zwischen dem Black Friday und Weihnachten arbeiten<\/p>\n\t\t<\/div>\n\t\t\n\t\t<a class=\"elementor-post__read-more\" href=\"https:\/\/wpsandbox.ucm.jobs\/de\/paketboom-im-weihnachtsgeschaeft-2020-trotz-corona-erwartet\/\" aria-label=\"Mehr \u00fcber Paketboom im Weihnachtsgesch\u00e4ft 2020 trotz Corona erwartet\" tabindex=\"-1\">\n\t\t\tWeiterlesen \u00bb\t\t<\/a>\n\n\t\t\t\t<\/div>\n\t\t\t\t<\/article>\n\t\t\t\t<article class=\"elementor-post elementor-grid-item post-13530 post type-post status-publish format-standard has-post-thumbnail hentry category-wirtschaft category-arbeitswelt tag-frauenfoerderung tag-personal-de\" role=\"listitem\">\n\t\t\t\t<a class=\"elementor-post__thumbnail__link\" href=\"https:\/\/wpsandbox.ucm.jobs\/de\/geballte-frauen-power-bei-ucm\/\" tabindex=\"-1\">\n\t\t\t<div class=\"elementor-post__thumbnail\"><img loading=\"lazy\" decoding=\"async\" width=\"768\" height=\"456\" src=\"https:\/\/wpsandbox.ucm.jobs\/wp-content\/uploads\/2020\/10\/Weibliche-Fuhrungskrafte-von-ucm.agency-Inbal-Nadine-Anna-768x456.jpg\" class=\"attachment-medium size-medium wp-image-13532\" alt=\"Weibliche F\u00fchrungskr\u00e4fte von ucm.agency - Inbal, Nadine &amp; Anna\" srcset=\"https:\/\/wpsandbox.ucm.jobs\/wp-content\/uploads\/2020\/10\/Weibliche-Fuhrungskrafte-von-ucm.agency-Inbal-Nadine-Anna-768x456.jpg 768w, https:\/\/wpsandbox.ucm.jobs\/wp-content\/uploads\/2020\/10\/Weibliche-Fuhrungskrafte-von-ucm.agency-Inbal-Nadine-Anna-1170x694.jpg 1170w, https:\/\/wpsandbox.ucm.jobs\/wp-content\/uploads\/2020\/10\/Weibliche-Fuhrungskrafte-von-ucm.agency-Inbal-Nadine-Anna-440x260.jpg 440w, https:\/\/wpsandbox.ucm.jobs\/wp-content\/uploads\/2020\/10\/Weibliche-Fuhrungskrafte-von-ucm.agency-Inbal-Nadine-Anna-390x231.jpg 390w, https:\/\/wpsandbox.ucm.jobs\/wp-content\/uploads\/2020\/10\/Weibliche-Fuhrungskrafte-von-ucm.agency-Inbal-Nadine-Anna-220x130.jpg 220w\" sizes=\"(max-width: 768px) 100vw, 768px\" \/><\/div>\n\t\t<\/a>\n\t\t\t\t<div class=\"elementor-post__text\">\n\t\t\t\t<h2 class=\"elementor-post__title\">\n\t\t\t<a href=\"https:\/\/wpsandbox.ucm.jobs\/de\/geballte-frauen-power-bei-ucm\/\">\n\t\t\t\tGeballte Frauen-Power bei ucm.agency\t\t\t<\/a>\n\t\t<\/h2>\n\t\t\t\t<div class=\"elementor-post__meta-data\">\n\t\t\t\t\t<span class=\"elementor-post-date\">\n\t\t\tOktober 8, 2020\t\t<\/span>\n\t\t\t\t<\/div>\n\t\t\t\t<div class=\"elementor-post__excerpt\">\n\t\t\t<p>Weibliche F\u00fchrungskr\u00e4fte von ucm.agency, v.l.n.r.: Inbal Shalev, Head of Finance &amp; Controlling, Nadine Kolbe, Head of Operations, Anna Wierzbicka, Teamlead<\/p>\n\t\t<\/div>\n\t\t\n\t\t<a class=\"elementor-post__read-more\" href=\"https:\/\/wpsandbox.ucm.jobs\/de\/geballte-frauen-power-bei-ucm\/\" aria-label=\"Mehr \u00fcber Geballte Frauen-Power bei ucm.agency\" tabindex=\"-1\">\n\t\t\tWeiterlesen \u00bb\t\t<\/a>\n\n\t\t\t\t<\/div>\n\t\t\t\t<\/article>\n\t\t\t\t<article class=\"elementor-post elementor-grid-item post-13359 post type-post status-publish format-standard has-post-thumbnail hentry category-corona-krise category-eventbranche category-news category-wirtschaft tag-unternehmen\" role=\"listitem\">\n\t\t\t\t<a class=\"elementor-post__thumbnail__link\" href=\"https:\/\/wpsandbox.ucm.jobs\/de\/alarmstufe-rot-veranstaltungswirtschaft-bedroht\/\" tabindex=\"-1\">\n\t\t\t<div class=\"elementor-post__thumbnail\"><img loading=\"lazy\" decoding=\"async\" width=\"768\" height=\"456\" src=\"https:\/\/wpsandbox.ucm.jobs\/wp-content\/uploads\/2020\/09\/ucm.agency-Alarmstufe-Rot-Demo-Berlin-09.09.2020-768x456.jpg\" class=\"attachment-medium size-medium wp-image-13362\" alt=\"ucm.agency Alarmstufe Rot-Demo, Berlin 09.09.2020\" srcset=\"https:\/\/wpsandbox.ucm.jobs\/wp-content\/uploads\/2020\/09\/ucm.agency-Alarmstufe-Rot-Demo-Berlin-09.09.2020-768x457.jpg 768w, https:\/\/wpsandbox.ucm.jobs\/wp-content\/uploads\/2020\/09\/ucm.agency-Alarmstufe-Rot-Demo-Berlin-09.09.2020-440x260.jpg 440w, https:\/\/wpsandbox.ucm.jobs\/wp-content\/uploads\/2020\/09\/ucm.agency-Alarmstufe-Rot-Demo-Berlin-09.09.2020-390x231.jpg 390w, https:\/\/wpsandbox.ucm.jobs\/wp-content\/uploads\/2020\/09\/ucm.agency-Alarmstufe-Rot-Demo-Berlin-09.09.2020-220x130.jpg 220w, https:\/\/wpsandbox.ucm.jobs\/wp-content\/uploads\/2020\/09\/ucm.agency-Alarmstufe-Rot-Demo-Berlin-09.09.2020.jpg 1042w\" sizes=\"(max-width: 768px) 100vw, 768px\" \/><\/div>\n\t\t<\/a>\n\t\t\t\t<div class=\"elementor-post__text\">\n\t\t\t\t<h2 class=\"elementor-post__title\">\n\t\t\t<a href=\"https:\/\/wpsandbox.ucm.jobs\/de\/alarmstufe-rot-veranstaltungswirtschaft-bedroht\/\">\n\t\t\t\tAlarmstufe Rot &#8211; Veranstaltungswirtschaft bedroht\t\t\t<\/a>\n\t\t<\/h2>\n\t\t\t\t<div class=\"elementor-post__meta-data\">\n\t\t\t\t\t<span class=\"elementor-post-date\">\n\t\t\tSeptember 16, 2020\t\t<\/span>\n\t\t\t\t<\/div>\n\t\t\t\t<div class=\"elementor-post__excerpt\">\n\t\t\t<p>Gem\u00e4\u00df dem Motto #AlarmstufeRot zierte vergangenen Mittwoch alarmierendes Rot die Berliner Stra\u00dfen. Der Anlass: Eine Gro\u00dfdemonstration der Veranstaltungsbranche. Da sich<\/p>\n\t\t<\/div>\n\t\t\n\t\t<a class=\"elementor-post__read-more\" href=\"https:\/\/wpsandbox.ucm.jobs\/de\/alarmstufe-rot-veranstaltungswirtschaft-bedroht\/\" aria-label=\"Mehr \u00fcber Alarmstufe Rot &#8211; Veranstaltungswirtschaft bedroht\" tabindex=\"-1\">\n\t\t\tWeiterlesen \u00bb\t\t<\/a>\n\n\t\t\t\t<\/div>\n\t\t\t\t<\/article>\n\t\t\t\t<article class=\"elementor-post elementor-grid-item post-13245 post type-post status-publish format-standard has-post-thumbnail hentry category-lagerbetrieb-logistik category-wirtschaft tag-personal-de\" role=\"listitem\">\n\t\t\t\t<a class=\"elementor-post__thumbnail__link\" href=\"https:\/\/wpsandbox.ucm.jobs\/de\/fachkraeftemangel-in-der-logistikbranche\/\" tabindex=\"-1\">\n\t\t\t<div class=\"elementor-post__thumbnail\"><img loading=\"lazy\" decoding=\"async\" width=\"768\" height=\"456\" src=\"https:\/\/wpsandbox.ucm.jobs\/wp-content\/uploads\/2020\/09\/Fachkraftemangel-in-der-Logistik-\u2013-Status-Quo-andern-768x456.jpg\" class=\"attachment-medium size-medium wp-image-13247\" alt=\"Fachkr\u00e4ftemangel in der Logistik \u2013 Status Quo \u00e4ndern\" srcset=\"https:\/\/wpsandbox.ucm.jobs\/wp-content\/uploads\/2020\/09\/Fachkraftemangel-in-der-Logistik-\u2013-Status-Quo-andern-768x457.jpg 768w, https:\/\/wpsandbox.ucm.jobs\/wp-content\/uploads\/2020\/09\/Fachkraftemangel-in-der-Logistik-\u2013-Status-Quo-andern-440x260.jpg 440w, https:\/\/wpsandbox.ucm.jobs\/wp-content\/uploads\/2020\/09\/Fachkraftemangel-in-der-Logistik-\u2013-Status-Quo-andern-390x231.jpg 390w, https:\/\/wpsandbox.ucm.jobs\/wp-content\/uploads\/2020\/09\/Fachkraftemangel-in-der-Logistik-\u2013-Status-Quo-andern-220x130.jpg 220w, https:\/\/wpsandbox.ucm.jobs\/wp-content\/uploads\/2020\/09\/Fachkraftemangel-in-der-Logistik-\u2013-Status-Quo-andern.jpg 1042w\" sizes=\"(max-width: 768px) 100vw, 768px\" \/><\/div>\n\t\t<\/a>\n\t\t\t\t<div class=\"elementor-post__text\">\n\t\t\t\t<h2 class=\"elementor-post__title\">\n\t\t\t<a href=\"https:\/\/wpsandbox.ucm.jobs\/de\/fachkraeftemangel-in-der-logistikbranche\/\">\n\t\t\t\tFachkr\u00e4ftemangel in der Logistik \u2013 Status Quo \u00e4ndern\t\t\t<\/a>\n\t\t<\/h2>\n\t\t\t\t<div class=\"elementor-post__meta-data\">\n\t\t\t\t\t<span class=\"elementor-post-date\">\n\t\t\tSeptember 3, 2020\t\t<\/span>\n\t\t\t\t<\/div>\n\t\t\t\t<div class=\"elementor-post__excerpt\">\n\t\t\t<p>Nicht nur in Deutschland sondern in ganz Europa wird seit Jahren \u00fcber den Fachkr\u00e4ftemangel gesprochen, darunter leidet besonders auch die<\/p>\n\t\t<\/div>\n\t\t\n\t\t<a class=\"elementor-post__read-more\" href=\"https:\/\/wpsandbox.ucm.jobs\/de\/fachkraeftemangel-in-der-logistikbranche\/\" aria-label=\"Mehr \u00fcber Fachkr\u00e4ftemangel in der Logistik \u2013 Status Quo \u00e4ndern\" tabindex=\"-1\">\n\t\t\tWeiterlesen \u00bb\t\t<\/a>\n\n\t\t\t\t<\/div>\n\t\t\t\t<\/article>\n\t\t\t\t<\/div>\n\t\t\n\t\t\t\t\t\t<\/div>\n\t\t\t\t<\/div>\n\t\t\t\t\t<\/div>\n\t\t\t\t<\/div>\n\t\t\t\t<\/div>\n\t\t","protected":false},"excerpt":{"rendered":"<p>ucm Kundenmagazin Veranstaltungsbranche | Logistik | Wirtschaft | Aktuelles<\/p>\n","protected":false},"author":8,"featured_media":0,"parent":8138,"menu_order":0,"comment_status":"closed","ping_status":"closed","template":"","meta":{"_acf_changed":false,"inline_featured_image":false,"uix_meta_title":"","uix_meta_description":"","uix_canonical_url":"","footnotes":""},"class_list":["post-5247","page","type-page","status-publish","hentry"],"acf":[],"_links":{"self":[{"href":"https:\/\/wpsandbox.ucm.jobs\/de\/wp-json\/wp\/v2\/pages\/5247","targetHints":{"allow":["GET"]}}],"collection":[{"href":"https:\/\/wpsandbox.ucm.jobs\/de\/wp-json\/wp\/v2\/pages"}],"about":[{"href":"https:\/\/wpsandbox.ucm.jobs\/de\/wp-json\/wp\/v2\/types\/page"}],"author":[{"embeddable":true,"href":"https:\/\/wpsandbox.ucm.jobs\/de\/wp-json\/wp\/v2\/users\/8"}],"replies":[{"embeddable":true,"href":"https:\/\/wpsandbox.ucm.jobs\/de\/wp-json\/wp\/v2\/comments?post=5247"}],"version-history":[{"count":0,"href":"https:\/\/wpsandbox.ucm.jobs\/de\/wp-json\/wp\/v2\/pages\/5247\/revisions"}],"up":[{"embeddable":true,"href":"https:\/\/wpsandbox.ucm.jobs\/de\/wp-json\/wp\/v2\/pages\/8138"}],"wp:attachment":[{"href":"https:\/\/wpsandbox.ucm.jobs\/de\/wp-json\/wp\/v2\/media?parent=5247"}],"curies":[{"name":"wp","href":"https:\/\/api.w.org\/{rel}","templated":true}]}}