{"id":20144,"date":"2024-03-13T08:21:13","date_gmt":"2024-03-13T08:21:13","guid":{"rendered":"https:\/\/ucm.agency\/?page_id=20144"},"modified":"2026-02-11T15:19:42","modified_gmt":"2026-02-11T15:19:42","slug":"startseite-homepage-entwurf","status":"publish","type":"page","link":"https:\/\/wpsandbox.ucm.jobs\/de\/","title":{"rendered":"ucm.agency I Startseite"},"content":{"rendered":"\t\t<div data-elementor-type=\"wp-page\" data-elementor-id=\"20144\" class=\"elementor elementor-20144\" data-elementor-post-type=\"page\">\n\t\t\t\t<div class=\"elementor-element elementor-element-eed5af4 e-con-full e-flex e-con e-parent\" data-id=\"eed5af4\" data-element_type=\"container\" data-settings=\"{&quot;background_background&quot;:&quot;classic&quot;}\">\n\t\t\t\t<div class=\"elementor-element elementor-element-c01ac78 elementor-widget elementor-widget-image\" data-id=\"c01ac78\" data-element_type=\"widget\" data-widget_type=\"image.default\">\n\t\t\t\t<div class=\"elementor-widget-container\">\n\t\t\t\t\t\t\t\t\t\t\t\t\t\t\t<img fetchpriority=\"high\" decoding=\"async\" width=\"1920\" height=\"1282\" src=\"https:\/\/wpsandbox.ucm.jobs\/wp-content\/uploads\/2026\/02\/Lollapalooza_2015-12.webp\" class=\"attachment-2048x2048 size-2048x2048 wp-image-27222\" alt=\"Feiernde Menschenmenge auf dem Lollapalooza 2015\" srcset=\"https:\/\/wpsandbox.ucm.jobs\/wp-content\/uploads\/2026\/02\/Lollapalooza_2015-12.webp 1920w, https:\/\/wpsandbox.ucm.jobs\/wp-content\/uploads\/2026\/02\/Lollapalooza_2015-12-768x513.webp 768w, https:\/\/wpsandbox.ucm.jobs\/wp-content\/uploads\/2026\/02\/Lollapalooza_2015-12-1536x1026.webp 1536w\" sizes=\"(max-width: 1920px) 100vw, 1920px\" \/>\t\t\t\t\t\t\t\t\t\t\t\t\t\t\t<\/div>\n\t\t\t\t<\/div>\n\t\t<div class=\"elementor-element elementor-element-c0d5125 e-flex e-con-boxed e-con e-child\" data-id=\"c0d5125\" data-element_type=\"container\" data-settings=\"{&quot;position&quot;:&quot;absolute&quot;}\">\n\t\t\t\t\t<div class=\"e-con-inner\">\n\t\t\t\t<div class=\"elementor-element elementor-element-06a85ff elementor-absolute elementor-hidden-tablet elementor-hidden-mobile elementor-widget elementor-widget-image\" data-id=\"06a85ff\" data-element_type=\"widget\" data-settings=\"{&quot;_position&quot;:&quot;absolute&quot;}\" data-widget_type=\"image.default\">\n\t\t\t\t<div class=\"elementor-widget-container\">\n\t\t\t\t\t\t\t\t\t\t\t\t\t\t\t<img decoding=\"async\" width=\"925\" height=\"258\" src=\"https:\/\/wpsandbox.ucm.jobs\/wp-content\/uploads\/2024\/03\/ucm-logo_white.png\" class=\"attachment-full size-full wp-image-19941\" alt=\"helles logo ucm\" srcset=\"https:\/\/wpsandbox.ucm.jobs\/wp-content\/uploads\/2024\/03\/ucm-logo_white.png 925w, https:\/\/wpsandbox.ucm.jobs\/wp-content\/uploads\/2024\/03\/ucm-logo_white-768x214.png 768w\" sizes=\"(max-width: 925px) 100vw, 925px\" \/>\t\t\t\t\t\t\t\t\t\t\t\t\t\t\t<\/div>\n\t\t\t\t<\/div>\n\t\t<div class=\"elementor-element elementor-element-04821b5 e-con-full e-flex e-con e-child\" data-id=\"04821b5\" data-element_type=\"container\">\n\t\t<div class=\"elementor-element elementor-element-7ea6300 e-con-full e-transform e-flex e-con e-child\" data-id=\"7ea6300\" data-element_type=\"container\" data-settings=\"{&quot;_transform_translateX_effect&quot;:{&quot;unit&quot;:&quot;px&quot;,&quot;size&quot;:&quot;&quot;,&quot;sizes&quot;:[]},&quot;_transform_translateX_effect_tablet&quot;:{&quot;unit&quot;:&quot;px&quot;,&quot;size&quot;:&quot;&quot;,&quot;sizes&quot;:[]},&quot;_transform_translateX_effect_mobile&quot;:{&quot;unit&quot;:&quot;px&quot;,&quot;size&quot;:&quot;&quot;,&quot;sizes&quot;:[]},&quot;_transform_translateY_effect&quot;:{&quot;unit&quot;:&quot;px&quot;,&quot;size&quot;:&quot;&quot;,&quot;sizes&quot;:[]},&quot;_transform_translateY_effect_tablet&quot;:{&quot;unit&quot;:&quot;px&quot;,&quot;size&quot;:&quot;&quot;,&quot;sizes&quot;:[]},&quot;_transform_translateY_effect_mobile&quot;:{&quot;unit&quot;:&quot;px&quot;,&quot;size&quot;:&quot;&quot;,&quot;sizes&quot;:[]}}\">\n\t\t<div class=\"elementor-element elementor-element-4a6fe5b e-flex e-con-boxed e-con e-child\" data-id=\"4a6fe5b\" data-element_type=\"container\" data-settings=\"{&quot;background_background&quot;:&quot;classic&quot;,&quot;motion_fx_motion_fx_scrolling&quot;:&quot;yes&quot;,&quot;motion_fx_translateY_effect&quot;:&quot;yes&quot;,&quot;motion_fx_translateY_speed&quot;:{&quot;unit&quot;:&quot;px&quot;,&quot;size&quot;:1,&quot;sizes&quot;:[]},&quot;motion_fx_translateY_affectedRange&quot;:{&quot;unit&quot;:&quot;%&quot;,&quot;size&quot;:&quot;&quot;,&quot;sizes&quot;:{&quot;start&quot;:0,&quot;end&quot;:100}},&quot;motion_fx_devices&quot;:[&quot;desktop&quot;,&quot;tablet&quot;,&quot;mobile&quot;]}\">\n\t\t\t\t\t<div class=\"e-con-inner\">\n\t\t\t\t<div class=\"elementor-element elementor-element-7272048 elementor-widget elementor-widget-heading\" data-id=\"7272048\" data-element_type=\"widget\" data-widget_type=\"heading.default\">\n\t\t\t\t<div class=\"elementor-widget-container\">\n\t\t\t\t\t<h1 class=\"elementor-heading-title elementor-size-default\">F\u00fcr Studierende<\/h1>\t\t\t\t<\/div>\n\t\t\t\t<\/div>\n\t\t\t\t<div class=\"elementor-element elementor-element-4d038ee elementor-widget elementor-widget-text-editor\" data-id=\"4d038ee\" data-element_type=\"widget\" data-widget_type=\"text-editor.default\">\n\t\t\t\t<div class=\"elementor-widget-container\">\n\t\t\t\t\t\t\t\t\t<p>Finde ganz einfach den passenden Nebenjob zu deinem Studium. Verdiene \u00fcbertariflich gut und genie\u00dfe die Freiheit, selbst \u00fcber deine Arbeitszeiten zu bestimmen. Downloade gleich die ucm.jobs-App.<\/p>\t\t\t\t\t\t\t\t<\/div>\n\t\t\t\t<\/div>\n\t\t\t\t<div class=\"elementor-element elementor-element-e8486fa elementor-widget elementor-widget-button\" data-id=\"e8486fa\" data-element_type=\"widget\" promotion_cta_top=\"\" data-widget_type=\"button.default\">\n\t\t\t\t<div class=\"elementor-widget-container\">\n\t\t\t\t\t\t\t\t\t<div class=\"elementor-button-wrapper\">\n\t\t\t\t\t<a class=\"elementor-button elementor-button-link elementor-size-sm\" href=\"https:\/\/wpsandbox.ucm.jobs\/de\/studenten\/\" id=\"promotion_cta_top\">\n\t\t\t\t\t\t<span class=\"elementor-button-content-wrapper\">\n\t\t\t\t\t\t\t\t\t<span class=\"elementor-button-text\">Zur Job-Auswahl<\/span>\n\t\t\t\t\t<\/span>\n\t\t\t\t\t<\/a>\n\t\t\t\t<\/div>\n\t\t\t\t\t\t\t\t<\/div>\n\t\t\t\t<\/div>\n\t\t\t\t\t<\/div>\n\t\t\t\t<\/div>\n\t\t\t\t<\/div>\n\t\t<div class=\"elementor-element elementor-element-1323816 e-con-full e-flex e-con e-child\" data-id=\"1323816\" data-element_type=\"container\">\n\t\t<div class=\"elementor-element elementor-element-847f699 e-con-full e-flex e-con e-child\" data-id=\"847f699\" data-element_type=\"container\" data-settings=\"{&quot;background_background&quot;:&quot;classic&quot;,&quot;motion_fx_motion_fx_scrolling&quot;:&quot;yes&quot;,&quot;motion_fx_translateY_effect&quot;:&quot;yes&quot;,&quot;motion_fx_translateY_speed&quot;:{&quot;unit&quot;:&quot;px&quot;,&quot;size&quot;:1,&quot;sizes&quot;:[]},&quot;motion_fx_translateY_affectedRange&quot;:{&quot;unit&quot;:&quot;%&quot;,&quot;size&quot;:&quot;&quot;,&quot;sizes&quot;:{&quot;start&quot;:0,&quot;end&quot;:100}},&quot;motion_fx_devices&quot;:[&quot;desktop&quot;,&quot;tablet&quot;,&quot;mobile&quot;]}\">\n\t\t\t\t<div class=\"elementor-element elementor-element-591c4c6 elementor-widget elementor-widget-heading\" data-id=\"591c4c6\" data-element_type=\"widget\" data-widget_type=\"heading.default\">\n\t\t\t\t<div class=\"elementor-widget-container\">\n\t\t\t\t\t<h2 class=\"elementor-heading-title elementor-size-default\">F\u00fcr Unternehmen<\/h2>\t\t\t\t<\/div>\n\t\t\t\t<\/div>\n\t\t\t\t<div class=\"elementor-element elementor-element-011fbdb elementor-widget elementor-widget-text-editor\" data-id=\"011fbdb\" data-element_type=\"widget\" data-widget_type=\"text-editor.default\">\n\t\t\t\t<div class=\"elementor-widget-container\">\n\t\t\t\t\t\t\t\t\t<p>Buchen Sie deutschlandweit qualifiziertes Personal f\u00fcr Messen, Events, Promotions oder Aushilfen f\u00fcr Ihren Betrieb. Wir bieten Ihnen individuelle Komplettl\u00f6sungen, entsprechend Ihrer Bed\u00fcrfnisse.<\/p>\t\t\t\t\t\t\t\t<\/div>\n\t\t\t\t<\/div>\n\t\t\t\t<div class=\"elementor-element elementor-element-b19749d elementor-widget elementor-widget-button\" data-id=\"b19749d\" data-element_type=\"widget\" promotion_cta_top=\"\" data-widget_type=\"button.default\">\n\t\t\t\t<div class=\"elementor-widget-container\">\n\t\t\t\t\t\t\t\t\t<div class=\"elementor-button-wrapper\">\n\t\t\t\t\t<a class=\"elementor-button elementor-button-link elementor-size-sm\" href=\"https:\/\/wpsandbox.ucm.jobs\/de\/unternehmen\/\" id=\"promotion_cta_top\">\n\t\t\t\t\t\t<span class=\"elementor-button-content-wrapper\">\n\t\t\t\t\t\t\t\t\t<span class=\"elementor-button-text\">Zu unseren Angeboten<\/span>\n\t\t\t\t\t<\/span>\n\t\t\t\t\t<\/a>\n\t\t\t\t<\/div>\n\t\t\t\t\t\t\t\t<\/div>\n\t\t\t\t<\/div>\n\t\t\t\t<\/div>\n\t\t\t\t<\/div>\n\t\t\t\t<\/div>\n\t\t\t\t\t<\/div>\n\t\t\t\t<\/div>\n\t\t\t\t<\/div>\n\t\t<div class=\"elementor-element elementor-element-7c844df e-flex e-con-boxed e-con e-parent\" data-id=\"7c844df\" data-element_type=\"container\" data-settings=\"{&quot;background_background&quot;:&quot;classic&quot;}\">\n\t\t\t\t\t<div class=\"e-con-inner\">\n\t\t<div class=\"elementor-element elementor-element-c8fbf8c e-flex e-con-boxed e-con e-child\" data-id=\"c8fbf8c\" data-element_type=\"container\">\n\t\t\t\t\t<div class=\"e-con-inner\">\n\t\t<div class=\"elementor-element elementor-element-bf04045 e-con-full e-flex e-con e-child\" data-id=\"bf04045\" data-element_type=\"container\">\n\t\t\t\t<div class=\"elementor-element elementor-element-b9d6ecb elementor-widget elementor-widget-heading\" data-id=\"b9d6ecb\" data-element_type=\"widget\" data-widget_type=\"heading.default\">\n\t\t\t\t<div class=\"elementor-widget-container\">\n\t\t\t\t\t<h2 class=\"elementor-heading-title elementor-size-default\">Better jobs for students.<\/h2>\t\t\t\t<\/div>\n\t\t\t\t<\/div>\n\t\t\t\t<\/div>\n\t\t\t\t<div class=\"elementor-element elementor-element-d268e15 elementor-widget elementor-widget-text-editor\" data-id=\"d268e15\" data-element_type=\"widget\" data-widget_type=\"text-editor.default\">\n\t\t\t\t<div class=\"elementor-widget-container\">\n\t\t\t\t\t\t\t\t\t<p>Wir bringen motivierte Studierende und Unternehmen mit spannenden Herausforderungen zusammen, um gemeinsam Gro\u00dfes zu schaffen. Genau passend, zur richtigen Zeit und am richtigen Ort.<\/p>\t\t\t\t\t\t\t\t<\/div>\n\t\t\t\t<\/div>\n\t\t\t\t\t<\/div>\n\t\t\t\t<\/div>\n\t\t<div class=\"elementor-element elementor-element-c4d2258 e-con-full e-flex e-con e-child\" data-id=\"c4d2258\" data-element_type=\"container\">\n\t\t\t\t<div class=\"elementor-element elementor-element-94fb82f elementor-widget elementor-widget-button\" data-id=\"94fb82f\" data-element_type=\"widget\" data-widget_type=\"button.default\">\n\t\t\t\t<div class=\"elementor-widget-container\">\n\t\t\t\t\t\t\t\t\t<div class=\"elementor-button-wrapper\">\n\t\t\t\t\t<a class=\"elementor-button elementor-button-link elementor-size-sm\" href=\"https:\/\/ucm.agency\/de\/ueber-ucm-agency\/\" target=\"_blank\" rel=\"noopener\">\n\t\t\t\t\t\t<span class=\"elementor-button-content-wrapper\">\n\t\t\t\t\t\t\t\t\t<span class=\"elementor-button-text\">\u00dcber uns<\/span>\n\t\t\t\t\t<\/span>\n\t\t\t\t\t<\/a>\n\t\t\t\t<\/div>\n\t\t\t\t\t\t\t\t<\/div>\n\t\t\t\t<\/div>\n\t\t\t\t<\/div>\n\t\t\t\t\t<\/div>\n\t\t\t\t<\/div>\n\t\t<div class=\"elementor-element elementor-element-8c08322 e-flex e-con-boxed e-con e-parent\" data-id=\"8c08322\" data-element_type=\"container\" data-settings=\"{&quot;background_background&quot;:&quot;classic&quot;}\">\n\t\t\t\t\t<div class=\"e-con-inner\">\n\t\t<div class=\"elementor-element elementor-element-3c4b76a e-flex e-con-boxed elementor-invisible e-con e-child\" data-id=\"3c4b76a\" data-element_type=\"container\" data-settings=\"{&quot;background_background&quot;:&quot;classic&quot;,&quot;animation&quot;:&quot;fadeInUp&quot;,&quot;motion_fx_motion_fx_scrolling&quot;:&quot;yes&quot;,&quot;motion_fx_translateY_effect&quot;:&quot;yes&quot;,&quot;motion_fx_translateY_speed&quot;:{&quot;unit&quot;:&quot;px&quot;,&quot;size&quot;:2,&quot;sizes&quot;:[]},&quot;motion_fx_translateY_affectedRange&quot;:{&quot;unit&quot;:&quot;%&quot;,&quot;size&quot;:&quot;&quot;,&quot;sizes&quot;:{&quot;start&quot;:0,&quot;end&quot;:100}},&quot;motion_fx_devices&quot;:[&quot;desktop&quot;,&quot;tablet&quot;,&quot;mobile&quot;]}\">\n\t\t\t\t\t<div class=\"e-con-inner\">\n\t\t\t\t<div class=\"elementor-element elementor-element-da96780 e-transform elementor-widget elementor-widget-image\" data-id=\"da96780\" data-element_type=\"widget\" data-settings=\"{&quot;_transform_scaleX_effect&quot;:{&quot;unit&quot;:&quot;px&quot;,&quot;size&quot;:&quot;&quot;,&quot;sizes&quot;:[]},&quot;_transform_scaleX_effect_tablet&quot;:{&quot;unit&quot;:&quot;px&quot;,&quot;size&quot;:&quot;&quot;,&quot;sizes&quot;:[]},&quot;_transform_scaleX_effect_mobile&quot;:{&quot;unit&quot;:&quot;px&quot;,&quot;size&quot;:&quot;&quot;,&quot;sizes&quot;:[]},&quot;_transform_scaleY_effect&quot;:{&quot;unit&quot;:&quot;px&quot;,&quot;size&quot;:&quot;&quot;,&quot;sizes&quot;:[]},&quot;_transform_scaleY_effect_tablet&quot;:{&quot;unit&quot;:&quot;px&quot;,&quot;size&quot;:&quot;&quot;,&quot;sizes&quot;:[]},&quot;_transform_scaleY_effect_mobile&quot;:{&quot;unit&quot;:&quot;px&quot;,&quot;size&quot;:&quot;&quot;,&quot;sizes&quot;:[]}}\" data-widget_type=\"image.default\">\n\t\t\t\t<div class=\"elementor-widget-container\">\n\t\t\t\t\t\t\t\t\t\t\t\t\t\t\t<img decoding=\"async\" width=\"1655\" height=\"980\" src=\"https:\/\/wpsandbox.ucm.jobs\/wp-content\/uploads\/2024\/07\/ucm-Team_small.jpg\" class=\"attachment-full size-full wp-image-22055\" alt=\"Teamfoto ucm 10 Jahresfeier\" srcset=\"https:\/\/wpsandbox.ucm.jobs\/wp-content\/uploads\/2024\/07\/ucm-Team_small.jpg 1655w, https:\/\/wpsandbox.ucm.jobs\/wp-content\/uploads\/2024\/07\/ucm-Team_small-768x455.jpg 768w, https:\/\/wpsandbox.ucm.jobs\/wp-content\/uploads\/2024\/07\/ucm-Team_small-1170x694.jpg 1170w, https:\/\/wpsandbox.ucm.jobs\/wp-content\/uploads\/2024\/07\/ucm-Team_small-1536x910.jpg 1536w, https:\/\/wpsandbox.ucm.jobs\/wp-content\/uploads\/2024\/07\/ucm-Team_small-440x260.jpg 440w, https:\/\/wpsandbox.ucm.jobs\/wp-content\/uploads\/2024\/07\/ucm-Team_small-390x231.jpg 390w, https:\/\/wpsandbox.ucm.jobs\/wp-content\/uploads\/2024\/07\/ucm-Team_small-220x130.jpg 220w\" sizes=\"(max-width: 1655px) 100vw, 1655px\" \/>\t\t\t\t\t\t\t\t\t\t\t\t\t\t\t<\/div>\n\t\t\t\t<\/div>\n\t\t<div class=\"elementor-element elementor-element-26dc9d8 e-con-full e-flex e-con e-child\" data-id=\"26dc9d8\" data-element_type=\"container\">\n\t\t\t\t<div class=\"elementor-element elementor-element-cf8ac9a elementor-headline--style-highlight elementor-widget elementor-widget-animated-headline\" data-id=\"cf8ac9a\" data-element_type=\"widget\" data-settings=\"{&quot;marker&quot;:&quot;underline_zigzag&quot;,&quot;highlighted_text&quot;:&quot;bewegen&quot;,&quot;headline_style&quot;:&quot;highlight&quot;,&quot;highlight_animation_duration&quot;:1200}\" data-widget_type=\"animated-headline.default\">\n\t\t\t\t<div class=\"elementor-widget-container\">\n\t\t\t\t\t\t\t<h2 class=\"elementor-headline\">\n\t\t\t\t\t<span class=\"elementor-headline-plain-text elementor-headline-text-wrapper\">Selber etwas<\/span>\n\t\t\t\t<span class=\"elementor-headline-dynamic-wrapper elementor-headline-text-wrapper\">\n\t\t\t\t\t<span class=\"elementor-headline-dynamic-text elementor-headline-text-active\">bewegen<\/span>\n\t\t\t\t<\/span>\n\t\t\t\t<\/h2>\n\t\t\t\t\t\t<\/div>\n\t\t\t\t<\/div>\n\t\t\t\t<div class=\"elementor-element elementor-element-b5b8f17 elementor-widget elementor-widget-text-editor\" data-id=\"b5b8f17\" data-element_type=\"widget\" data-widget_type=\"text-editor.default\">\n\t\t\t\t<div class=\"elementor-widget-container\">\n\t\t\t\t\t\t\t\t\t<p>Werde Teil unseres Teams und ver\u00e4ndere mit uns die Job-Landschaft f\u00fcr Studierende.<\/p>\t\t\t\t\t\t\t\t<\/div>\n\t\t\t\t<\/div>\n\t\t\t\t<div class=\"elementor-element elementor-element-c283ca5 premium-type-column elementor-widget elementor-widget-premium-icon-list\" data-id=\"c283ca5\" data-element_type=\"widget\" data-settings=\"{&quot;rbadges_repeater&quot;:[],&quot;premium_icon_list_animation&quot;:&quot;fadeInUp&quot;,&quot;premium_icon_list_animation_delay&quot;:0}\" data-widget_type=\"premium-icon-list.default\">\n\t\t\t\t<div class=\"elementor-widget-container\">\n\t\t\t\t\t\t\t\t<ul class=\"premium-bullet-list-box\" data-list-animation=\"fadeInUp animated-\">\n\t\t\n\t\t\t<li class=\"premium-bullet-list-content elementor-repeater-item-332980d\" data-delay=\"0\">\n\t\t\t\t<div class=\"premium-bullet-list-text\">\n\t\t\t\t\t\t\t\t<div class=\"premium-bullet-list-wrapper\">\n\t\t\t\t\t<div class=\"premium-drawable-icon\"><i class=\"premium-svg-nodraw fas fa-check\" aria-hidden=\"true\"><\/i><\/div>\t\t\t\t<\/div>\n\t\t\t\t\t\t\t\t<div class=\"premium-bullet-list-text-wrapper\">\n\t\t\t\t\t<span class=\"premium-bullet-text\" data-text=\"Offene Stellenangebote\"> Offene Stellenangebote <\/span>\t\t\t\t\t\t\t\t\t<\/div>\n\t\t\t\t<\/div>\n\n\t\t\t\t\n\t\t\t\t\n\t\t\t<\/li>\n\n\t\t\t\t\n\t\t\t<li class=\"premium-bullet-list-content elementor-repeater-item-00b900e\" data-delay=\"0\">\n\t\t\t\t<div class=\"premium-bullet-list-text\">\n\t\t\t\t\t\t\t\t<div class=\"premium-bullet-list-wrapper\">\n\t\t\t\t\t<div class=\"premium-drawable-icon\"><i class=\"premium-svg-nodraw fas fa-check\" aria-hidden=\"true\"><\/i><\/div>\t\t\t\t<\/div>\n\t\t\t\t\t\t\t\t<div class=\"premium-bullet-list-text-wrapper\">\n\t\t\t\t\t<span class=\"premium-bullet-text\" data-text=\"Home-Office willkommen\"> Home-Office willkommen <\/span>\t\t\t\t\t\t\t\t\t<\/div>\n\t\t\t\t<\/div>\n\n\t\t\t\t\n\t\t\t\t\n\t\t\t<\/li>\n\n\t\t\t\t\n\t\t\t<li class=\"premium-bullet-list-content elementor-repeater-item-6ce33d2\" data-delay=\"0\">\n\t\t\t\t<div class=\"premium-bullet-list-text\">\n\t\t\t\t\t\t\t\t<div class=\"premium-bullet-list-wrapper\">\n\t\t\t\t\t<div class=\"premium-drawable-icon\"><i class=\"premium-svg-nodraw fas fa-check\" aria-hidden=\"true\"><\/i><\/div>\t\t\t\t<\/div>\n\t\t\t\t\t\t\t\t<div class=\"premium-bullet-list-text-wrapper\">\n\t\t\t\t\t<span class=\"premium-bullet-text\" data-text=\"4 Wochen Workation\"> 4 Wochen Workation <\/span>\t\t\t\t\t\t\t\t\t<\/div>\n\t\t\t\t<\/div>\n\n\t\t\t\t\n\t\t\t\t\n\t\t\t<\/li>\n\n\t\t\t\t\t\t<\/ul>\n\t\t\t\t\t\t<\/div>\n\t\t\t\t<\/div>\n\t\t\t\t<div class=\"elementor-element elementor-element-9ab4c51 elementor-mobile-align-center elementor-align-center elementor-invisible elementor-widget elementor-widget-button\" data-id=\"9ab4c51\" data-element_type=\"widget\" data-settings=\"{&quot;_animation&quot;:&quot;fadeInUp&quot;}\" promotion_cta_mid=\"\" data-widget_type=\"button.default\">\n\t\t\t\t<div class=\"elementor-widget-container\">\n\t\t\t\t\t\t\t\t\t<div class=\"elementor-button-wrapper\">\n\t\t\t\t\t<a class=\"elementor-button elementor-button-link elementor-size-sm\" href=\"https:\/\/ucm.agency\/de\/ueber-ucm-agency\/karriere\/\" id=\"promotion_cta_middle\" target=\"_blank\" rel=\"noopener\">\n\t\t\t\t\t\t<span class=\"elementor-button-content-wrapper\">\n\t\t\t\t\t\t\t\t\t<span class=\"elementor-button-text\">Wie wir arbeiten<\/span>\n\t\t\t\t\t<\/span>\n\t\t\t\t\t<\/a>\n\t\t\t\t<\/div>\n\t\t\t\t\t\t\t\t<\/div>\n\t\t\t\t<\/div>\n\t\t\t\t<div class=\"elementor-element elementor-element-92b87cb elementor-align-center elementor-invisible elementor-widget elementor-widget-button\" data-id=\"92b87cb\" data-element_type=\"widget\" data-settings=\"{&quot;_animation&quot;:&quot;fadeInUp&quot;}\" data-widget_type=\"button.default\">\n\t\t\t\t<div class=\"elementor-widget-container\">\n\t\t\t\t\t\t\t\t\t<div class=\"elementor-button-wrapper\">\n\t\t\t\t\t<a class=\"elementor-button elementor-button-link elementor-size-sm\" href=\"https:\/\/ucm.jobs.personio.de\/\" target=\"_blank\" rel=\"noopener\">\n\t\t\t\t\t\t<span class=\"elementor-button-content-wrapper\">\n\t\t\t\t\t\t\t\t\t<span class=\"elementor-button-text\">Offene Positionen<\/span>\n\t\t\t\t\t<\/span>\n\t\t\t\t\t<\/a>\n\t\t\t\t<\/div>\n\t\t\t\t\t\t\t\t<\/div>\n\t\t\t\t<\/div>\n\t\t\t\t<\/div>\n\t\t\t\t\t<\/div>\n\t\t\t\t<\/div>\n\t\t\t\t\t<\/div>\n\t\t\t\t<\/div>\n\t\t\t\t<\/div>\n\t\t","protected":false},"excerpt":{"rendered":"<p>F\u00fcr Studierende Finde ganz einfach den passenden Nebenjob zu deinem Studium. Verdiene \u00fcbertariflich gut und genie\u00dfe die Freiheit, selbst \u00fcber deine Arbeitszeiten zu bestimmen. Downloade gleich die ucm.jobs-App. Zur Job-Auswahl F\u00fcr Unternehmen Buchen Sie deutschlandweit qualifiziertes Personal f\u00fcr Messen, Events, Promotions oder Aushilfen f\u00fcr Ihren Betrieb. Wir bieten Ihnen individuelle Komplettl\u00f6sungen, entsprechend Ihrer Bed\u00fcrfnisse. Zu<\/p>\n","protected":false},"author":8,"featured_media":0,"parent":0,"menu_order":0,"comment_status":"closed","ping_status":"closed","template":"elementor_header_footer","meta":{"_acf_changed":false,"inline_featured_image":false,"uix_meta_title":"","uix_meta_description":"","uix_canonical_url":"","footnotes":""},"class_list":["post-20144","page","type-page","status-publish","hentry"],"acf":[],"_links":{"self":[{"href":"https:\/\/wpsandbox.ucm.jobs\/de\/wp-json\/wp\/v2\/pages\/20144","targetHints":{"allow":["GET"]}}],"collection":[{"href":"https:\/\/wpsandbox.ucm.jobs\/de\/wp-json\/wp\/v2\/pages"}],"about":[{"href":"https:\/\/wpsandbox.ucm.jobs\/de\/wp-json\/wp\/v2\/types\/page"}],"author":[{"embeddable":true,"href":"https:\/\/wpsandbox.ucm.jobs\/de\/wp-json\/wp\/v2\/users\/8"}],"replies":[{"embeddable":true,"href":"https:\/\/wpsandbox.ucm.jobs\/de\/wp-json\/wp\/v2\/comments?post=20144"}],"version-history":[{"count":15,"href":"https:\/\/wpsandbox.ucm.jobs\/de\/wp-json\/wp\/v2\/pages\/20144\/revisions"}],"predecessor-version":[{"id":27226,"href":"https:\/\/wpsandbox.ucm.jobs\/de\/wp-json\/wp\/v2\/pages\/20144\/revisions\/27226"}],"wp:attachment":[{"href":"https:\/\/wpsandbox.ucm.jobs\/de\/wp-json\/wp\/v2\/media?parent=20144"}],"curies":[{"name":"wp","href":"https:\/\/api.w.org\/{rel}","templated":true}]}}