{"id":15532,"date":"2023-01-24T21:56:53","date_gmt":"2023-01-24T21:56:53","guid":{"rendered":"https:\/\/ucm.agency\/?page_id=15532"},"modified":"2026-02-11T16:21:23","modified_gmt":"2026-02-11T16:21:23","slug":"impressum","status":"publish","type":"page","link":"https:\/\/wpsandbox.ucm.jobs\/de\/impressum\/","title":{"rendered":"Impressum"},"content":{"rendered":"\t\t<div data-elementor-type=\"wp-page\" data-elementor-id=\"15532\" class=\"elementor elementor-15532\" data-elementor-post-type=\"page\">\n\t\t\t\t<div class=\"elementor-element elementor-element-568df76 e-flex e-con-boxed e-con e-parent\" data-id=\"568df76\" data-element_type=\"container\">\n\t\t\t\t\t<div class=\"e-con-inner\">\n\t\t\t\t<div class=\"elementor-element elementor-element-68fe160 elementor-widget elementor-widget-heading\" data-id=\"68fe160\" data-element_type=\"widget\" data-widget_type=\"heading.default\">\n\t\t\t\t<div class=\"elementor-widget-container\">\n\t\t\t\t\t<h1 class=\"elementor-heading-title elementor-size-default\">Impressum<\/h1>\t\t\t\t<\/div>\n\t\t\t\t<\/div>\n\t\t\t\t<div class=\"elementor-element elementor-element-39750c0 elementor-widget elementor-widget-heading\" data-id=\"39750c0\" data-element_type=\"widget\" data-widget_type=\"heading.default\">\n\t\t\t\t<div class=\"elementor-widget-container\">\n\t\t\t\t\t<h2 class=\"elementor-heading-title elementor-size-default\">Informationen gem\u00e4\u00df \u00a7 5 DDG:\n\n<\/h2>\t\t\t\t<\/div>\n\t\t\t\t<\/div>\n\t\t\t\t\t<\/div>\n\t\t\t\t<\/div>\n\t\t<div class=\"elementor-element elementor-element-976822d e-flex e-con-boxed e-con e-parent\" data-id=\"976822d\" data-element_type=\"container\">\n\t\t\t\t\t<div class=\"e-con-inner\">\n\t\t\t\t<div class=\"elementor-element elementor-element-7f6ee48 elementor-widget elementor-widget-heading\" data-id=\"7f6ee48\" data-element_type=\"widget\" data-widget_type=\"heading.default\">\n\t\t\t\t<div class=\"elementor-widget-container\">\n\t\t\t\t\t<h2 class=\"elementor-heading-title elementor-size-default\">Impressum<\/h2>\t\t\t\t<\/div>\n\t\t\t\t<\/div>\n\t\t\t\t<div class=\"elementor-element elementor-element-f36bf6a elementor-widget elementor-widget-text-editor\" data-id=\"f36bf6a\" data-element_type=\"widget\" data-widget_type=\"text-editor.default\">\n\t\t\t\t<div class=\"elementor-widget-container\">\n\t\t\t\t\t\t\t\t\t<p><strong>uCastMe GmbH<\/strong><\/p><p>Heidestr. 46-52<br \/>10557 Berlin<br \/>Deutschland<\/p><p><strong>Kontakt Zentrale:<\/strong><\/p><p>Telefonnummer: (+49) 030 120 8656 \u2013 97<br \/>E-mail: info@ucm.jobs<\/p><p><strong>Vertretungsberechtigte Gesch\u00e4ftsf\u00fchrer: Amin Guellil, Dr. Christoph Keding<\/strong><\/p><p>Registergericht: Berlin<br \/>Amtsgericht Charlottenburg<br \/>HRB 158665 B<br \/>USt-ID: DE 815509853<\/p><p><strong>Zust\u00e4ndige Aufsichtsbeh\u00f6rde:<\/strong><\/p><p>Agentur f\u00fcr Arbeit<br \/>Regionaldirektion Nord der Agentur f\u00fcr Arbeit<br \/>Projensdorfer Strasse 82<\/p><p>24106 Kiel<\/p><p><strong>Verantwortlich f\u00fcr Inhalte gem\u00e4\u00df \u00a7 55 Abs. 2 RStV: Amin Guellil<\/strong><\/p><p><strong>Disclaimer \u2013 rechtliche Hinweise<\/strong><\/p><p><strong>Haftungsbeschr\u00e4nkung f\u00fcr eigene Inhalte<\/strong><\/p><p>Alle Inhalte unseres Internetauftritts wurden mit Sorgfalt und nach bestem Gewissen erstellt. Eine Gew\u00e4hr f\u00fcr die Aktualit\u00e4t, Vollst\u00e4ndigkeit und Richtigkeit s\u00e4mtlicher Seiten kann jedoch nicht \u00fcbernommen werden. Gem\u00e4\u00df \u00a7 7 Abs. 1 DDG sind wir als Dienstanbieter f\u00fcr eigene Inhalte auf diesen Seiten nach den allgemeinen Gesetzen verantwortlich, nach den \u00a7\u00a7 8 bis 10 DDG jedoch nicht verpflichtet, die \u00fcbermittelten oder gespeicherten fremden Informationen zu \u00fcberwachen. Eine umgehende Entfernung dieser Inhalte erfolgt ab dem Zeitpunkt der Kenntnis einer konkreten Rechtsverletzung und wir haften nicht vor dem Zeitpunkt der Kenntniserlangung.<\/p><p><strong>Haftungsbeschr\u00e4nkung f\u00fcr externe Links<\/strong><\/p><p>Unsere Webseite enth\u00e4lt sog. \u201cexterne Links\u201d (Verkn\u00fcpfungen zu Webseiten Dritter), auf deren Inhalt wir keinen Einfluss haben und f\u00fcr den wir aus diesem Grund keine Gew\u00e4hr \u00fcbernehmen. F\u00fcr die Inhalte und Richtigkeit der Informationen ist der jeweilige Informationsanbieter der verlinkten Webseite verantwortlich. Als die Verlinkung vorgenommen wurde, waren f\u00fcr uns keine Rechtsverst\u00f6\u00dfe erkennbar. Sollte uns eine Rechtsverletzung bekannt werden, wird der jeweilige Link umgehend von uns entfernt.<\/p><p><strong>Urheberrecht<\/strong><\/p><p>Die auf dieser Webseite ver\u00f6ffentlichten Inhalte und Werke unterliegen dem deutschen Urheberrecht. Jede Art der Vervielf\u00e4ltigung, Bearbeitung, Verbreitung und jede Art der Verwertung au\u00dferhalb der Grenzen des Urheberrechts bedarf der vorherigen schriftlichen Zustimmung des jeweiligen Urhebers bzw. Autors.<\/p><p><strong>Au\u00dfergerichtliche Streitbeilegung<\/strong><\/p><p>Die EU-Kommission stellt unter dem Link http:\/\/ec.europa.eu\/odr eine Online-Plattform zur Streitbeilegung (\u201eOS-Plattform\u201c) zur Verf\u00fcgung.<br \/>Sofern der Kunde ein in der europ\u00e4ischen Union wohnhafter Verbraucher ist, besteht die M\u00f6glichkeit, zur au\u00dfergerichtlichen Beilegung von Streitigkeiten \u00fcber vertragliche Verpflichtungen aus Online-Kaufvertr\u00e4gen oder Online-Dienstleistungsvertr\u00e4gen diese Plattform zu nutzen.<br \/>Wir sind verpflichtet, Sie \u00fcber die Existenz dieser OS-Plattform und in diesem Zusammenhang auch \u00fcber unsere E-Mail-Adresse info@ucm.agency zu informieren.<br \/>Wir bem\u00fchen uns, m\u00f6gliche Meinungsverschiedenheiten bez\u00fcglich mit unseren Kunden geschlossenen Vertr\u00e4gen einvernehmlich \u00fcber unseren Kundenservice zu l\u00f6sen. An der Streitbelegung \u00fcber die OS-Plattform nehmen wir jedoch nicht teil. Dar\u00fcber hinaus sind auch wir zur Teilnahme an einem Streitbeilegungsverfahren vor einer Verbraucherschlichtungsstelle nicht verpflichtet und grunds\u00e4tzlich auch nicht bereit.<\/p><p>Quelle: mustervorlage.net<\/p>\t\t\t\t\t\t\t\t<\/div>\n\t\t\t\t<\/div>\n\t\t\t\t\t<\/div>\n\t\t\t\t<\/div>\n\t\t\t\t<\/div>\n\t\t","protected":false},"excerpt":{"rendered":"<p>Impressum Informationen gem\u00e4\u00df \u00a7 5 DDG: Impressum uCastMe GmbH Heidestr. 46-5210557 BerlinDeutschland Kontakt Zentrale: Telefonnummer: (+49) 030 120 8656 \u2013 97E-mail: info@ucm.jobs Vertretungsberechtigte Gesch\u00e4ftsf\u00fchrer: Amin Guellil, Dr. Christoph Keding Registergericht: BerlinAmtsgericht CharlottenburgHRB 158665 BUSt-ID: DE 815509853 Zust\u00e4ndige Aufsichtsbeh\u00f6rde: Agentur f\u00fcr ArbeitRegionaldirektion Nord der Agentur f\u00fcr ArbeitProjensdorfer Strasse 82 24106 Kiel Verantwortlich f\u00fcr Inhalte gem\u00e4\u00df \u00a7<\/p>\n","protected":false},"author":8,"featured_media":0,"parent":0,"menu_order":0,"comment_status":"closed","ping_status":"closed","template":"","meta":{"_acf_changed":false,"inline_featured_image":false,"uix_meta_title":"","uix_meta_description":"","uix_canonical_url":"","footnotes":""},"class_list":["post-15532","page","type-page","status-publish","hentry"],"acf":[],"_links":{"self":[{"href":"https:\/\/wpsandbox.ucm.jobs\/de\/wp-json\/wp\/v2\/pages\/15532","targetHints":{"allow":["GET"]}}],"collection":[{"href":"https:\/\/wpsandbox.ucm.jobs\/de\/wp-json\/wp\/v2\/pages"}],"about":[{"href":"https:\/\/wpsandbox.ucm.jobs\/de\/wp-json\/wp\/v2\/types\/page"}],"author":[{"embeddable":true,"href":"https:\/\/wpsandbox.ucm.jobs\/de\/wp-json\/wp\/v2\/users\/8"}],"replies":[{"embeddable":true,"href":"https:\/\/wpsandbox.ucm.jobs\/de\/wp-json\/wp\/v2\/comments?post=15532"}],"version-history":[{"count":4,"href":"https:\/\/wpsandbox.ucm.jobs\/de\/wp-json\/wp\/v2\/pages\/15532\/revisions"}],"predecessor-version":[{"id":27306,"href":"https:\/\/wpsandbox.ucm.jobs\/de\/wp-json\/wp\/v2\/pages\/15532\/revisions\/27306"}],"wp:attachment":[{"href":"https:\/\/wpsandbox.ucm.jobs\/de\/wp-json\/wp\/v2\/media?parent=15532"}],"curies":[{"name":"wp","href":"https:\/\/api.w.org\/{rel}","templated":true}]}}