{"id":13271,"date":"2020-10-01T10:18:01","date_gmt":"2020-10-01T10:18:01","guid":{"rendered":"https:\/\/ucm.agency\/?page_id=13271"},"modified":"2020-10-07T14:38:01","modified_gmt":"2020-10-07T14:38:01","slug":"whitepaper-personaplanung-im-lager-zu-corona-zeiten-vorweihnachtszeit-2020","status":"publish","type":"page","link":"https:\/\/wpsandbox.ucm.jobs\/de\/unternehmen\/whitepaper-personaplanung-im-lager-zu-corona-zeiten-vorweihnachtszeit-2020\/","title":{"rendered":"Whitepaper Personaplanung im Lager zu Corona-Zeiten"},"content":{"rendered":"<section class=\"wpb-content-wrapper\"><p>[vc_row full_width=&#8220;stretch_row&#8220; css=&#8220;.vc_custom_1581918929192{padding-top: 50px !important;padding-bottom: 50px !important;background-color: #114358 !important;}&#8220; el_class=&#8220;main-heading&#8220;][vc_column width=&#8220;1\/2&#8243; el_class=&#8220;ucm-60&#8243;][vc_column_text]<\/p>\n<h1 class=\"header-h2 snow\"><strong>Jetzt kostenloses Whitepaper anfordern!<br \/>\n<\/strong><\/h1>\n<p>[\/vc_column_text][vc_column_text el_class=&#8220;tickgray-li&#8220;]<\/p>\n<p class=\"text-25 snow\">ucm.agency gibt Tipps und kostensparende L\u00f6sungen f\u00fcr eine sichere \u00dcberbr\u00fcckung der herausfordernden Vorweihnachtszeit 2020 hinsichtlich der Personalplanung in Logistikbetrieben.<\/p>\n<p>[\/vc_column_text][vc_btn title=&#8220;JETZT ANFORDERN&#8220; style=&#8220;outline-custom&#8220; outline_custom_color=&#8220;#e6f4f1&#8243; outline_custom_hover_background=&#8220;#e6f4f1&#8243; outline_custom_hover_text=&#8220;#114358&#8243; size=&#8220;lg&#8220; link=&#8220;url:%23herunterladen&#8220; el_class=&#8220;comp-1&#8243;][\/vc_column][vc_column width=&#8220;1\/2&#8243;][vc_single_image image=&#8220;13440&#8243; img_size=&#8220;full&#8220; alignment=&#8220;center&#8220;][\/vc_column][\/vc_row][vc_row full_width=&#8220;stretch_row&#8220; css=&#8220;.vc_custom_1600253045960{background-color: #f6f6f6 !important;}&#8220; el_id=&#8220;herunterladen&#8220;][vc_column][vc_column_text css=&#8220;.vc_custom_1600851784370{padding-bottom: 20px !important;}&#8220;]<\/p>\n<h2>Personalplanung im Lager zu Corona-Zeiten:<br \/>\nTipps und kostensparende L\u00f6sungen f\u00fcr eine sichere \u00dcberbr\u00fcckung der herausfordernden Vorweihnachtszeit 2020<\/h2>\n<p>[\/vc_column_text][vc_row_inner][vc_column_inner width=&#8220;6\/12&#8243;][vc_empty_space][vc_column_text]<\/p>\n<p>In dem sehr personalintensiven Logistikwesen ist bei der Personaleinsatzplanung aufgrund des enormen Kosten- und Wettbewerbsdrucks auch unter normalen Umst\u00e4nden ein hohes Ma\u00df an Prozesseffizienz gefragt.<\/p>\n<p>Nun n\u00e4hert sich die <strong>Weihnachtszeit 2020<\/strong> und gerade wo die Corona-Pandemie weltweit in allen Wirtschaftsbereichen die Regie \u00fcbernommen hat, braucht es Umdenken und Flexibilit\u00e4t, um die Prozesse in Lagern nicht nur angesichts der <strong>schwer planbaren Auftragslage<\/strong> sondern auch der noch nie da gewesenen <strong>Herausforderungen im Workforce Management<\/strong> zu meistern.<\/p>\n<p>Unser Whitepaper enth\u00e4lt <strong>Tipps und kostensparende L\u00f6sungen<\/strong>, die die Personalplanung in Ihrem Lager zu Corona-Zeiten und w\u00e4hrend des vorweihnachtlichen Auftragspeaks erleichtern.<\/p>\n<p>&nbsp;<\/p>\n<p>Sie finden unter anderem Antworten auf folgende Fragen:<\/p>\n<ul style=\"list-style-type: disc; padding-left: 25px;\">\n<li>Mit welchen Herausforderungen sind Logistikbetriebe zu Corona-Zeiten konfrontiert?<\/li>\n<li>Was ist bei der Personaleinsatzplanung zu ber\u00fccksichtigen und an welchen Stellschrauben kann noch gedreht werden?<\/li>\n<li>Welches Schichtsystem ist in Corona-Zeiten am sichersten?<\/li>\n<li>Was spricht f\u00fcr eine unterst\u00fctzende Software-L\u00f6sung und welche M\u00f6glichkeiten gibt es dabei?<\/li>\n<li>Wie kann die Personalbeschaffung optimiert und flexibel gestaltet werden?<\/li>\n<\/ul>\n<p>[\/vc_column_text][\/vc_column_inner][vc_column_inner width=&#8220;1\/12&#8243;][\/vc_column_inner][vc_column_inner width=&#8220;5\/12&#8243;][vc_raw_html]JTNDc3R5bGUlM0UlMEEud3BjZjclMjBpbnB1dCUyMCU3QiUwQSUyMCUyMCUyMCUyMGJhY2tncm91bmQlM0ElMjAlMjNmZmYlMjFpbXBvcnRhbnQlM0IlMEElN0QlMEElMEEuY29udGFjdC1mb3JtLXdyYXBwZXIlMjAud3BjZjclMjBpbnB1dCU1QnR5cGUlM0RzdWJtaXQlNUQlMkMlMjAud3BjZjclMjBpbnB1dCU1QnR5cGUlM0RzdWJtaXQlNUQlMjAlN0IlMEElMjAlMjAlMjAlMjBiYWNrZ3JvdW5kJTNBJTIwJTIzMWI3MjhjJTIxaW1wb3J0YW50JTNCJTBBJTdEJTBBJTNDJTJGc3R5bGUlM0U=[\/vc_raw_html][vc_column_text]\n<div class=\"wpcf7 no-js\" id=\"wpcf7-f13299-o1\" lang=\"de-DE\" dir=\"ltr\" data-wpcf7-id=\"13299\">\n<div class=\"screen-reader-response\"><p role=\"status\" aria-live=\"polite\" aria-atomic=\"true\"><\/p> <ul><\/ul><\/div>\n<form action=\"\/de\/wp-json\/wp\/v2\/pages\/13271#wpcf7-f13299-o1\" method=\"post\" class=\"wpcf7-form init\" aria-label=\"Kontaktformular\" novalidate=\"novalidate\" data-status=\"init\">\n<fieldset class=\"hidden-fields-container\"><input type=\"hidden\" name=\"_wpcf7\" value=\"13299\" \/><input type=\"hidden\" name=\"_wpcf7_version\" value=\"6.1.2\" \/><input type=\"hidden\" name=\"_wpcf7_locale\" value=\"de_DE\" \/><input type=\"hidden\" name=\"_wpcf7_unit_tag\" value=\"wpcf7-f13299-o1\" \/><input type=\"hidden\" name=\"_wpcf7_container_post\" value=\"0\" \/><input type=\"hidden\" name=\"_wpcf7_posted_data_hash\" value=\"\" \/>\n<\/fieldset>\n<p><label> Anrede (*) <span class=\"wpcf7-form-control-wrap\" data-name=\"menu-740\"><select class=\"wpcf7-form-control wpcf7-select wpcf7-validates-as-required\" aria-required=\"true\" aria-invalid=\"false\" name=\"menu-740\"><option value=\"\">&#8211; Bitte ausw\u00e4hlen &#8211;<\/option><option value=\"Herr\">Herr<\/option><option value=\"Frau\">Frau<\/option><\/select><\/span> <\/label>\n<\/p>\n<p><label> Vorname (*) <span class=\"wpcf7-form-control-wrap\" data-name=\"vorname-872\"><input size=\"40\" maxlength=\"400\" class=\"wpcf7-form-control wpcf7-text wpcf7-validates-as-required\" aria-required=\"true\" aria-invalid=\"false\" value=\"\" type=\"text\" name=\"vorname-872\" \/><\/span> <\/label>\n<\/p>\n<p><label> Nachname (*) <span class=\"wpcf7-form-control-wrap\" data-name=\"nachname-872\"><input size=\"40\" maxlength=\"400\" class=\"wpcf7-form-control wpcf7-text wpcf7-validates-as-required\" aria-required=\"true\" aria-invalid=\"false\" value=\"\" type=\"text\" name=\"nachname-872\" \/><\/span> <\/label>\n<\/p>\n<p><label> Position <span class=\"wpcf7-form-control-wrap\" data-name=\"position-616\"><input size=\"40\" maxlength=\"400\" class=\"wpcf7-form-control wpcf7-text\" aria-invalid=\"false\" value=\"\" type=\"text\" name=\"position-616\" \/><\/span> <\/label>\n<\/p>\n<p><label> Firma (*) <span class=\"wpcf7-form-control-wrap\" data-name=\"firma-17\"><input size=\"40\" maxlength=\"400\" class=\"wpcf7-form-control wpcf7-text wpcf7-validates-as-required\" aria-required=\"true\" aria-invalid=\"false\" value=\"\" type=\"text\" name=\"firma-17\" \/><\/span> <\/label>\n<\/p>\n<p><label> E-Mail (*)<br \/>\n<span class=\"wpcf7-form-control-wrap\" data-name=\"your-email\"><input size=\"40\" maxlength=\"400\" class=\"wpcf7-form-control wpcf7-email wpcf7-validates-as-required wpcf7-text wpcf7-validates-as-email\" aria-required=\"true\" aria-invalid=\"false\" value=\"\" type=\"email\" name=\"your-email\" \/><\/span> <\/label>\n<\/p>\n<p><label> Telefonnummer (*) <span class=\"wpcf7-form-control-wrap\" data-name=\"tel-478\"><input size=\"40\" maxlength=\"400\" class=\"wpcf7-form-control wpcf7-tel wpcf7-validates-as-required wpcf7-text wpcf7-validates-as-tel\" aria-required=\"true\" aria-invalid=\"false\" value=\"\" type=\"tel\" name=\"tel-478\" \/><\/span> <\/label>\n<\/p>\n<p style=\"font-size:8pt;\">(*) Pflichtfelder\n<\/p>\n<p style=\"float:right\">Durch die Angabe Ihrer Kontaktdaten erkl\u00e4ren Sie sich damit einverstanden, dass Sie die uCastMe GmbH durch personalisierte Mitteilungen zu ihren Dienstleistungen informiert h\u00e4lt. Weitere Informationen finden Sie in der Datenschutzrichtlinie von uCastMe GmbH. Sie k\u00f6nnen Ihr Einverst\u00e4ndnis jederzeit widerrufen.\n<\/p>\n<p><span class=\"wpcf7-form-control-wrap\" data-name=\"checkbox-558\"><span class=\"wpcf7-form-control wpcf7-checkbox wpcf7-validates-as-required\"><span class=\"wpcf7-list-item first last\"><input type=\"checkbox\" name=\"checkbox-558[]\" value=\"Ja\" \/><span class=\"wpcf7-list-item-label\">Ja<\/span><\/span><\/span><\/span>\n<\/p>\n<p>&nbsp;<br \/>\n<input class=\"wpcf7-form-control wpcf7-submit has-spinner\" type=\"submit\" value=\"WHITEPAPER ANFORDERN\" \/>\n<\/p><div class=\"wpcf7-response-output\" aria-hidden=\"true\"><\/div>\n<\/form>\n<\/div>\n[\/vc_column_text][\/vc_column_inner][\/vc_row_inner][\/vc_column][\/vc_row][vc_row full_width=&#8220;stretch_row&#8220; disable_element=&#8220;yes&#8220; css=&#8220;.vc_custom_1601547470077{background-color: #f6f6f6 !important;}&#8220;][vc_column width=&#8220;1\/2&#8243;][vc_column_text]<\/p>\n<h2 style=\"text-align: left;\">Brauchen Sie Aushilfspersonal?<br \/>\nWir beraten Sie gern.<\/h2>\n<p>[\/vc_column_text][vc_column_text]<\/p>\n<p class=\"text-21\" style=\"text-align: left;\">F\u00fcllen Sie dazu bequem und unverbindlich unser kurzes Online-Formular aus. Wir melden uns innerhalb von 60 Minuten bei Ihnen.<\/p>\n<p>[\/vc_column_text][\/vc_column][vc_column width=&#8220;1\/2&#8243;][vc_empty_space height=&#8220;20px&#8220;][vc_btn title=&#8220;Jetzt anfragen&#8220; align=&#8220;center&#8220; link=&#8220;url:https%3A%2F%2Fucm.agency%2Fde%2Fkontaktformular%2F|||&#8220; el_class=&#8220;comp-2 ucm-60&#8243;][\/vc_column][\/vc_row]<\/p>\n<\/section>","protected":false},"excerpt":{"rendered":"<p>[vc_row full_width=&#8220;stretch_row&#8220; css=&#8220;.vc_custom_1581918929192{padding-top: 50px !important;padding-bottom: 50px !important;background-color: #114358 !important;}&#8220; el_class=&#8220;main-heading&#8220;][vc_column width=&#8220;1\/2&#8243; el_class=&#8220;ucm-60&#8243;][vc_column_text] Jetzt kostenloses Whitepaper anfordern! [\/vc_column_text][vc_column_text el_class=&#8220;tickgray-li&#8220;] ucm.agency gibt Tipps und kostensparende L\u00f6sungen f\u00fcr eine sichere \u00dcberbr\u00fcckung der herausfordernden Vorweihnachtszeit 2020 hinsichtlich der Personalplanung in Logistikbetrieben. [\/vc_column_text][vc_btn title=&#8220;JETZT ANFORDERN&#8220; style=&#8220;outline-custom&#8220; outline_custom_color=&#8220;#e6f4f1&#8243; outline_custom_hover_background=&#8220;#e6f4f1&#8243; outline_custom_hover_text=&#8220;#114358&#8243; size=&#8220;lg&#8220; link=&#8220;url:%23herunterladen&#8220; el_class=&#8220;comp-1&#8243;][\/vc_column][vc_column width=&#8220;1\/2&#8243;][vc_single_image image=&#8220;13440&#8243; img_size=&#8220;full&#8220; alignment=&#8220;center&#8220;][\/vc_column][\/vc_row][vc_row full_width=&#8220;stretch_row&#8220; css=&#8220;.vc_custom_1600253045960{background-color: #f6f6f6 !important;}&#8220;<\/p>\n","protected":false},"author":8,"featured_media":0,"parent":8138,"menu_order":0,"comment_status":"closed","ping_status":"closed","template":"","meta":{"_acf_changed":false,"inline_featured_image":false,"uix_meta_title":"","uix_meta_description":"","uix_canonical_url":"","footnotes":""},"class_list":["post-13271","page","type-page","status-publish","hentry"],"acf":[],"_links":{"self":[{"href":"https:\/\/wpsandbox.ucm.jobs\/de\/wp-json\/wp\/v2\/pages\/13271","targetHints":{"allow":["GET"]}}],"collection":[{"href":"https:\/\/wpsandbox.ucm.jobs\/de\/wp-json\/wp\/v2\/pages"}],"about":[{"href":"https:\/\/wpsandbox.ucm.jobs\/de\/wp-json\/wp\/v2\/types\/page"}],"author":[{"embeddable":true,"href":"https:\/\/wpsandbox.ucm.jobs\/de\/wp-json\/wp\/v2\/users\/8"}],"replies":[{"embeddable":true,"href":"https:\/\/wpsandbox.ucm.jobs\/de\/wp-json\/wp\/v2\/comments?post=13271"}],"version-history":[{"count":0,"href":"https:\/\/wpsandbox.ucm.jobs\/de\/wp-json\/wp\/v2\/pages\/13271\/revisions"}],"up":[{"embeddable":true,"href":"https:\/\/wpsandbox.ucm.jobs\/de\/wp-json\/wp\/v2\/pages\/8138"}],"wp:attachment":[{"href":"https:\/\/wpsandbox.ucm.jobs\/de\/wp-json\/wp\/v2\/media?parent=13271"}],"curies":[{"name":"wp","href":"https:\/\/api.w.org\/{rel}","templated":true}]}}