{"id":10428,"date":"2020-05-11T09:17:39","date_gmt":"2020-05-11T09:17:39","guid":{"rendered":"https:\/\/ucm.agency\/?page_id=10428"},"modified":"2024-04-16T07:33:08","modified_gmt":"2024-04-16T07:33:08","slug":"corona-support-staff","status":"publish","type":"page","link":"https:\/\/wpsandbox.ucm.jobs\/de\/personal\/corona-support-staff\/","title":{"rendered":"Corona Support Staff"},"content":{"rendered":"<section class=\"wpb-content-wrapper\"><p>[vc_row full_width=&#8220;stretch_row&#8220; css=&#8220;.vc_custom_1581918929192{padding-top: 50px !important;padding-bottom: 50px !important;background-color: #114358 !important;}&#8220; el_class=&#8220;main-heading&#8220;][vc_column width=&#8220;1\/2&#8243; el_class=&#8220;ucm-60&#8243;][vc_column_text]<\/p>\n<h1 class=\"header-h2 snow\"><strong>Qualifiziertes Corona Support Staff buchen<\/strong><\/h1>\n<p>[\/vc_column_text][vc_column_text el_class=&#8220;tickgray-li&#8220;]<\/p>\n<ul class=\"text-25 snow\">\n<li>Deutschlandweit buchbar<\/li>\n<li>kosteng\u00fcnstig &amp; kurzfristig einsetzbar<\/li>\n<li>geschultes Personal<\/li>\n<\/ul>\n<p>[\/vc_column_text][vc_btn title=&#8220;Jetzt anfragen&#8220; link=&#8220;url:https%3A%2F%2Fucm.agency%2Fde%2Fkontaktformular%2F|||&#8220; el_class=&#8220;comp-1&#8243;][\/vc_column][vc_column width=&#8220;1\/2&#8243;][vc_single_image image=&#8220;10465&#8243; img_size=&#8220;full&#8220; alignment=&#8220;center&#8220;][\/vc_column][\/vc_row][vc_row full_width=&#8220;stretch_row&#8220; equal_height=&#8220;yes&#8220; css=&#8220;.vc_custom_1582266401753{padding-bottom: 0px !important;background-color: #f6f6f6 !important;}&#8220;][vc_column][vc_column_text css=&#8220;.vc_custom_1591212572307{padding-bottom: 20px !important;}&#8220;]<\/p>\n<h2>Corona Support Staff von ucm.agency &#8211;<br \/>\nWir helfen Ihnen!<\/h2>\n<p>[\/vc_column_text][vc_row_inner css=&#8220;.vc_custom_1591212618359{padding-top: 20px !important;padding-bottom: 0px !important;}&#8220;][vc_column_inner width=&#8220;2\/3&#8243;][vc_column_text]Wir befinden uns gemeinsam und weiterhin im Kampf gegen das Coronavirus und lernen mit jedem Tag, der vergeht, besser mit der Situation umzugehen. So gilt es auch, fr\u00fchzeitig zu erkennen, in welchen Bereichen ein paar zus\u00e4tzlich helfende H\u00e4nde ben\u00f6tigt werden.<\/p>\n<p>Mit den\u00a0allm\u00e4hlichen\u00a0Lockerungen\u00a0und der\u00a0Wiederer\u00f6ffnung\u00a0von L\u00e4den und Gastst\u00e4tten, aber auch den anhaltenden\u00a0Abstandsregelungen, wird es wichtig sein genug Personal f\u00fcr die daf\u00fcr n\u00f6tigen\u00a0Ma\u00dfnahmen\u00a0zur Verf\u00fcgung zu haben.<\/p>\n<p>Starten Sie jetzt gut vorbereitet in die Wiederer\u00f6ffnungsphase der Corona-Krise! Klingt einfacher als es ist? Wir helfen Ihnen mit unserem geschulten Personal f\u00fcr\u00a0K\u00fcchenhilfe,\u00a0Abstandsmanagement\u00a0und\u00a0Kiezlieferungen.[\/vc_column_text][\/vc_column_inner][vc_column_inner width=&#8220;1\/3&#8243;][\/vc_column_inner][\/vc_row_inner][\/vc_column][\/vc_row][vc_row full_width=&#8220;stretch_row&#8220; equal_height=&#8220;yes&#8220; css=&#8220;.vc_custom_1591212721887{padding-top: 70px !important;padding-bottom: 0px !important;background-color: #f6f6f6 !important;}&#8220;][vc_column][vc_column_text css=&#8220;.vc_custom_1589221828104{padding-bottom: 20px !important;}&#8220;]<\/p>\n<h2>Corona Support Staff\u00a0 &#8211; Unser Angebot<\/h2>\n<p>[\/vc_column_text][vc_row_inner css=&#8220;.vc_custom_1589222078041{padding-top: 20px !important;padding-bottom: 0px !important;}&#8220;][vc_column_inner width=&#8220;1\/3&#8243;][vc_single_image image=&#8220;10560&#8243; img_size=&#8220;large&#8220; alignment=&#8220;center&#8220;][\/vc_column_inner][vc_column_inner width=&#8220;2\/3&#8243;][vc_column_text]<\/p>\n<h3>K\u00fcchenhilfen<\/h3>\n<p>&nbsp;<\/p>\n<div class=\"text\">\n<p>Im gastronomischen Gewerbe wird Essen einzeln portioniert und verpackt werden m\u00fcssen, um die Verbreitung der Viren m\u00f6glichst zu unterbinden. Dies erfordert nat\u00fcrlich mehr Personal, da Mehrarbeit dadurch zustande kommt.<\/p>\n<\/div>\n<p>[\/vc_column_text][\/vc_column_inner][vc_column_inner][\/vc_column_inner][\/vc_row_inner][vc_empty_space][vc_row_inner css=&#8220;.vc_custom_1589222085749{padding-top: 20px !important;padding-bottom: 0px !important;}&#8220;][vc_column_inner width=&#8220;1\/3&#8243;][vc_single_image image=&#8220;10576&#8243; img_size=&#8220;large&#8220; alignment=&#8220;center&#8220;][\/vc_column_inner][vc_column_inner width=&#8220;2\/3&#8243;][vc_column_text]<\/p>\n<h3>Abstandsmanager<\/h3>\n<p>&nbsp;<\/p>\n<div class=\"text\">\n<p>In den Superm\u00e4rkten sind sie schon pr\u00e4sent. Mit anstehenden Wiederer\u00f6ffnungen wird es weiteres Personal geben m\u00fcssen, welches daf\u00fcr sorgt, dass der n\u00f6tige Abstand zwischen Menschen eingehalten und regelm\u00e4\u00dfige Desinfektion betrieben wird.<\/p>\n<\/div>\n<p>[\/vc_column_text][\/vc_column_inner][vc_column_inner][\/vc_column_inner][\/vc_row_inner][vc_empty_space][vc_row_inner css=&#8220;.vc_custom_1591212501160{padding-top: 35px !important;padding-bottom: 0px !important;}&#8220;][vc_column_inner width=&#8220;1\/3&#8243;][vc_single_image image=&#8220;10578&#8243; img_size=&#8220;large&#8220; alignment=&#8220;center&#8220;][\/vc_column_inner][vc_column_inner width=&#8220;2\/3&#8243;][vc_column_text]<\/p>\n<h3>Kiezlieferanten<\/h3>\n<p>&nbsp;<\/p>\n<div class=\"text\">\n<p>Lieferungen von A nach B zu transportieren, macht gerade den Gro\u00dfteil der Versorgungskette aus. Insbesondere Essen nach Hause liefern zu lassen, ist die aktuell sicherste Option. Gastst\u00e4tten k\u00f6nnen dabei sowohl individuell, als auch als Kooperationen unterst\u00fctzt werden.<\/p>\n<\/div>\n<p>[\/vc_column_text][\/vc_column_inner][vc_column_inner][\/vc_column_inner][\/vc_row_inner][\/vc_column][\/vc_row][vc_row full_width=&#8220;stretch_row&#8220; css=&#8220;.vc_custom_1582288341862{padding-bottom: 0px !important;background-color: #f6f6f6 !important;}&#8220;][vc_column][vc_column_text css=&#8220;.vc_custom_1582275534349{padding-bottom: 20px !important;}&#8220;]<\/p>\n<h2 style=\"text-align: center;\">Wir sind<\/h2>\n<p>[\/vc_column_text][vc_row_inner][vc_column_inner width=&#8220;1\/3&#8243;][vc_single_image image=&#8220;8402&#8243; img_size=&#8220;150&#215;150&#8243; alignment=&#8220;center&#8220;][vc_column_text]<\/p>\n<h4 style=\"text-align: center; margin-bottom: 20px;\">schnell<\/h4>\n<p style=\"text-align: center;\">\u00dcber 60.000 Mitarbeiter kurzfristig einsetzbar<\/p>\n<p>[\/vc_column_text][\/vc_column_inner][vc_column_inner width=&#8220;1\/3&#8243;][vc_single_image image=&#8220;8406&#8243; img_size=&#8220;150&#215;150&#8243; alignment=&#8220;center&#8220;][vc_column_text]<\/p>\n<h4 style=\"text-align: center; margin-bottom: 20px;\">qualifiziert<\/h4>\n<p style=\"text-align: center;\">Gepr\u00fcfte und qualifizierte<br \/>\nMitarbeiter[\/vc_column_text][\/vc_column_inner][vc_column_inner width=&#8220;1\/3&#8243;][vc_single_image image=&#8220;8405&#8243; img_size=&#8220;150&#215;150&#8243; alignment=&#8220;center&#8220;][vc_column_text]<\/p>\n<h4 style=\"text-align: center; margin-bottom: 20px;\">sicher<\/h4>\n<p style=\"text-align: center;\">Rechtssichere An- und Abmeldung unserer Mitarbeiter<\/p>\n<p>[\/vc_column_text][\/vc_column_inner][\/vc_row_inner][\/vc_column][\/vc_row][vc_row full_width=&#8220;stretch_row&#8220; css=&#8220;.vc_custom_1603465917768{padding-bottom: 30px !important;background-color: #f6f6f6 !important;}&#8220;][vc_column][vc_empty_space height=&#8220;30px&#8220; el_class=&#8220;desktop&#8220;][vc_column_text]<\/p>\n<h2 style=\"text-align: center;\"><span data-sheets-value=\"{&quot;1&quot;:2,&quot;2&quot;:&quot;Fragen Sie jetzt qualifizierte Aufbauhelfer an!&quot;}\" data-sheets-userformat=\"{&quot;2&quot;:959,&quot;3&quot;:{&quot;1&quot;:1},&quot;4&quot;:[null,2,13624051],&quot;5&quot;:{&quot;1&quot;:[{&quot;1&quot;:2,&quot;2&quot;:0,&quot;5&quot;:[null,2,0]},{&quot;1&quot;:0,&quot;2&quot;:0,&quot;3&quot;:3},{&quot;1&quot;:1,&quot;2&quot;:0,&quot;4&quot;:1}]},&quot;6&quot;:{&quot;1&quot;:[{&quot;1&quot;:2,&quot;2&quot;:0,&quot;5&quot;:[null,2,0]},{&quot;1&quot;:0,&quot;2&quot;:0,&quot;3&quot;:3},{&quot;1&quot;:1,&quot;2&quot;:0,&quot;4&quot;:1}]},&quot;7&quot;:{&quot;1&quot;:[{&quot;1&quot;:2,&quot;2&quot;:0,&quot;5&quot;:[null,2,0]},{&quot;1&quot;:0,&quot;2&quot;:0,&quot;3&quot;:3},{&quot;1&quot;:1,&quot;2&quot;:0,&quot;4&quot;:1}]},&quot;8&quot;:{&quot;1&quot;:[{&quot;1&quot;:2,&quot;2&quot;:0,&quot;5&quot;:[null,2,0]},{&quot;1&quot;:0,&quot;2&quot;:0,&quot;3&quot;:3},{&quot;1&quot;:1,&quot;2&quot;:0,&quot;4&quot;:1}]},&quot;10&quot;:1,&quot;11&quot;:4,&quot;12&quot;:0}\">Fragen Sie jetzt unser Corona Support Staff an!<\/span><\/h2>\n<p>[\/vc_column_text][vc_column_text]<\/p>\n<p class=\"text-21\" style=\"text-align: center;\">Um ein unverbindliches Angebot einzuholen, f\u00fcllen Sie unser kurzes<br \/>\nOnline-Formular aus und wir melden uns in K\u00fcrze bei Ihnen.<\/p>\n<p>[\/vc_column_text][vc_empty_space height=&#8220;20px&#8220;][vc_btn title=&#8220;Jetzt Angebot einholen&#8220; align=&#8220;center&#8220; link=&#8220;url:https%3A%2F%2Fucm.agency%2Fde%2Fkontaktformular%2F|||&#8220; el_class=&#8220;comp-3&#8243;][\/vc_column][\/vc_row][vc_row full_width=&#8220;stretch_row&#8220; equal_height=&#8220;yes&#8220; css=&#8220;.vc_custom_1582546062396{padding-top: 80px !important;padding-bottom: 0px !important;background-color: #f6f6f6 !important;}&#8220; el_class=&#8220;hostesses-staff&#8220;][vc_column][vc_column_text css=&#8220;.vc_custom_1592595182912{padding-bottom: 20px !important;}&#8220;]<\/p>\n<h2>Unsere Aushilfen f\u00fcr Ihren Betrieb<\/h2>\n<p>[\/vc_column_text]<div class=\"content-carousel-wrapper text-center\" data-css=\"&quot;&quot;\"><div class=\"owl-carousel\" data-loop=\"1\" data-margin=\"0\" data-center=\"0\" data-nav=\"1\" data-dots=\"0\" data-autoplay=\"0\" data-items=\"4\" data-items-tab=\"2\" data-items-mob=\"1\" data-duration=\"3000\" data-smartspeed=\"250\" data-scrollby=\"1\" data-autoheight=\"false\">[vc_raw_html]JTNDYSUyMGhyZWYlM0QlMjIlMkZkZSUyRnBlcnNvbmFsJTJGbGFnZXJoZWxmZXIlMkYlMjIlM0UlM0NpbWclMjBzcmMlM0QlMjIlMkZ3cC1jb250ZW50JTJGdXBsb2FkcyUyRjIwMjAlMkYwNiUyRkxhZ2VyaGVsZmVyX0Nhcm91c2VsLnBuZyUyMiUzRSUzQyUyRmElM0UlMEElM0NhJTIwaHJlZiUzRCUyMiUyRmRlJTJGcGVyc29uYWwlMkZsYWdlcmhlbGZlciUyRiUyMiUzRSUzQ2g0JTIwc3R5bGUlM0QlMjJtYXJnaW4tdG9wJTNBMTVweCUzQiUyMiUzRUxhZ2VyaGVsZmVyJTNDJTJGaDQlM0UlM0MlMkZhJTNF[\/vc_raw_html][vc_raw_html]JTNDYSUyMGhyZWYlM0QlMjIlMkZkZSUyRnBlcnNvbmFsJTJGcHJvZHVrdGlvbnNoZWxmZXIlMkYlMjIlM0UlM0NpbWclMjBzcmMlM0QlMjIlMkZ3cC1jb250ZW50JTJGdXBsb2FkcyUyRjIwMjAlMkYwNiUyRlByb2R1a3Rpb25zaGVsZmVyX0Nhcm91c2VsLnBuZyUyMiUzRSUzQyUyRmElM0UlMEElM0NhJTIwaHJlZiUzRCUyMiUyRmRlJTJGcGVyc29uYWwlMkZwcm9kdWt0aW9uc2hlbGZlciUyRiUyMiUzRSUzQ2g0JTIwc3R5bGUlM0QlMjJtYXJnaW4tdG9wJTNBMTVweCUzQiUyMiUzRVByb2R1a3Rpb25zaGVsZmVyJTNDJTJGaDQlM0UlM0MlMkZhJTNF[\/vc_raw_html][vc_raw_html]JTNDYSUyMGhyZWYlM0QlMjIlMkZkZSUyRnBlcnNvbmFsJTJGdmVyc2FuZGhlbGZlciUyRiUyMiUzRSUzQ2ltZyUyMHNyYyUzRCUyMiUyRndwLWNvbnRlbnQlMkZ1cGxvYWRzJTJGMjAyMCUyRjA2JTJGVmVyc2FuZGhlbGZlcl9DYXJvdXNlbC5wbmclMjIlM0UlM0MlMkZhJTNFJTBBJTNDYSUyMGhyZWYlM0QlMjIlMkZkZSUyRnBlcnNvbmFsJTJGdmVyc2FuZGhlbGZlciUyRiUyMiUzRSUzQ2g0JTIwc3R5bGUlM0QlMjJtYXJnaW4tdG9wJTNBMTVweCUzQiUyMiUzRVZlcnNhbmRoZWxmZXIlM0MlMkZoNCUzRSUzQyUyRmElM0U=[\/vc_raw_html][vc_raw_html]JTNDYSUyMGhyZWYlM0QlMjIlMkZkZSUyRnBlcnNvbmFsJTJGYnVlcm9hdXNoaWxmZW4lMkYlMjIlM0UlM0NpbWclMjBzcmMlM0QlMjIlMkZ3cC1jb250ZW50JTJGdXBsb2FkcyUyRjIwMjAlMkYwNiUyRkIlQzMlQkNyb2F1c2hpbGZlbl9DYXJvdXNlbC5wbmclMjIlM0UlM0MlMkZhJTNFJTBBJTNDYSUyMGhyZWYlM0QlMjIlMkZkZSUyRnBlcnNvbmFsJTJGYnVlcm9hdXNoaWxmZW4lMkYlMjIlM0UlM0NoNCUyMHN0eWxlJTNEJTIybWFyZ2luLXRvcCUzQTE1cHglM0IlMjIlM0VCJUMzJUJDcm9hdXNoaWxmZW4lM0MlMkZoNCUzRSUzQyUyRmElM0U=[\/vc_raw_html][vc_raw_html]JTNDYSUyMGhyZWYlM0QlMjIlMkZkZSUyRnBlcnNvbmFsJTJGZmFocnJhZGt1cmllcmUtYXV0b2t1cmllcmUlMkYlMjIlM0UlM0NpbWclMjBzcmMlM0QlMjIlMkZ3cC1jb250ZW50JTJGdXBsb2FkcyUyRjIwMjAlMkYwNiUyRkZhaHJyYWRrdXJpZXJlX0Nhcm91c2VsLnBuZyUyMiUzRSUzQyUyRmElM0UlMEElM0NhJTIwaHJlZiUzRCUyMiUyRmRlJTJGcGVyc29uYWwlMkZmYWhycmFka3VyaWVyZS1hdXRva3VyaWVyZSUyRiUyMiUzRSUzQ2g0JTIwc3R5bGUlM0QlMjJtYXJnaW4tdG9wJTNBMTVweCUzQiUyMiUzRUt1cmllcmUlM0MlMkZoNCUzRSUzQyUyRmElM0U=[\/vc_raw_html][vc_raw_html]JTNDYSUyMGhyZWYlM0QlMjIlMkZkZSUyRnBlcnNvbmFsJTJGY2FsbC1jZW50ZXItYWdlbnRzJTJGJTIyJTNFJTNDaW1nJTIwc3JjJTNEJTIyJTJGd3AtY29udGVudCUyRnVwbG9hZHMlMkYyMDIwJTJGMDYlMkZDYWxsLUNlbnRlci1BZ2VudHNfQ2Fyb3VzZWwucG5nJTIyJTNFJTNDJTJGYSUzRSUwQSUzQ2ElMjBocmVmJTNEJTIyJTJGZGUlMkZwZXJzb25hbCUyRmNhbGwtY2VudGVyLWFnZW50cyUyRiUyMiUzRSUzQ2g0JTIwc3R5bGUlM0QlMjJtYXJnaW4tdG9wJTNBMTVweCUzQiUyMiUzRUNhbGwtQ2VudGVyLUFnZW50cyUzQyUyRmg0JTNFJTNDJTJGYSUzRQ==[\/vc_raw_html][vc_raw_html]JTNDYSUyMGhyZWYlM0QlMjIlMkZkZSUyRnBlcnNvbmFsJTJGbGFkZW5wYWNraGlsZmVuLXN1cGVybWFya3RhdXNoaWxmZW4lMkYlMjIlM0UlM0NpbWclMjBzcmMlM0QlMjIlMkZ3cC1jb250ZW50JTJGdXBsb2FkcyUyRjIwMjAlMkYwNiUyRlN1cGVybWFya3RhdXNoaWxmZW5fQ2Fyb3VzZWwucG5nJTIyJTNFJTNDJTJGYSUzRSUwQSUzQ2ElMjBocmVmJTNEJTIyJTJGZGUlMkZwZXJzb25hbCUyRmxhZGVucGFja2hpbGZlbi1zdXBlcm1hcmt0YXVzaGlsZmVuJTJGJTIyJTNFJTNDaDQlMjBzdHlsZSUzRCUyMm1hcmdpbi10b3AlM0ExNXB4JTNCJTIyJTNFU3VwZXJtYXJrdGF1c2hpbGZlbiUzQyUyRmg0JTNFJTNDJTJGYSUzRQ==[\/vc_raw_html][vc_raw_html]JTNDYSUyMGhyZWYlM0QlMjIlMkZkZSUyRnBlcnNvbmFsJTJGZXJudGVoZWxmZXIlMkYlMjIlM0UlM0NpbWclMjBzcmMlM0QlMjIlMkZ3cC1jb250ZW50JTJGdXBsb2FkcyUyRjIwMjAlMkYwNiUyRkVybnRlaGVsZmVyX0Nhcm91c2VsLnBuZyUyMiUzRSUzQyUyRmElM0UlMEElM0NhJTIwaHJlZiUzRCUyMiUyRmRlJTJGcGVyc29uYWwlMkZlcm50ZWhlbGZlciUyRiUyMiUzRSUzQ2g0JTIwc3R5bGUlM0QlMjJtYXJnaW4tdG9wJTNBMTVweCUzQiUyMiUzRUVybnRlaGVsZmVyJTNDJTJGaDQlM0UlM0MlMkZhJTNF[\/vc_raw_html]<\/div><!-- .owl-carousel --><\/div><!-- .content-carousel-wrapper -->[\/vc_column][\/vc_row][vc_row full_width=&#8220;stretch_row&#8220; css=&#8220;.vc_custom_1603465982616{border-top-width: 90px !important;padding-bottom: 20px !important;background-color: #f6f6f6 !important;}&#8220;][vc_column width=&#8220;1\/2&#8243; css=&#8220;.vc_custom_1603463673746{padding-top: 40px !important;}&#8220;][vc_column_text]<\/p>\n<h2 style=\"text-align: left;\">Sie brauchen mehr Infos?<br \/>\nKein Problem!<\/h2>\n<p>[\/vc_column_text][vc_column_text]<\/p>\n<p class=\"text-21\" style=\"text-align: left;\">Laden Sie unsere kompakte Brosch\u00fcre zu Betriebsaushilfen herunter und pr\u00fcfen Sie, wie wir Sie kurzfristig personell unterst\u00fctzen k\u00f6nnen.<\/p>\n<p>[\/vc_column_text][\/vc_column][vc_column width=&#8220;1\/2&#8243; css=&#8220;.vc_custom_1603463437561{margin-left: 50px !important;padding-top: 30px !important;padding-bottom: 15px !important;}&#8220;][vc_btn title=&#8220;Zur Brosch\u00fcre&#8220; align=&#8220;center&#8220; link=&#8220;url:https%3A%2F%2Fucm.agency%2Fwp-content%2Fuploads%2F2020%2F10%2Fucm.agency_Broschure_Betriebsaushilfen_2020.pdf%3Fpdf%3DBetriebsaushilfen-Broschuere-Corona-Support-Staff%E2%80%9D%20target%3D%E2%80%9D_blank%E2%80%9D%3EBetriebsaushilfen%20Brosch%C3%BCre%20Corona-Support-Staff%3C%2Fa%3E|target:_blank&#8220; el_class=&#8220;stdt-1&#8243;][vc_empty_space height=&#8220;30px&#8220;][vc_column_text css=&#8220;.vc_custom_1603463544600{padding-top: 20px !important;padding-bottom: 20px !important;padding-left: 80px !important;background-color: #f3997b !important;}&#8220;]<\/p>\n<h4 style=\"text-align: left;\">Oder rufen Sie uns gern direkt an:<\/h4>\n<h5 style=\"text-align: left;\"><a href=\"tel:+49 (0) 30 120 8656 0\">+49 (0) 30 120 8656 0<\/a><br \/>\nWir helfen Ihnen weiter.<\/h5>\n<p>[\/vc_column_text][\/vc_column][\/vc_row][vc_row full_width=&#8220;stretch_row&#8220; css=&#8220;.vc_custom_1603466073805{padding-bottom: 0px !important;background-color: #f6f6f6 !important;}&#8220;][vc_column][vc_row_inner css=&#8220;.vc_custom_1603466036055{padding-bottom: 0px !important;}&#8220;][vc_column_inner width=&#8220;1\/2&#8243;][vc_single_image image=&#8220;10580&#8243; img_size=&#8220;large&#8220; alignment=&#8220;center&#8220; css=&#8220;.vc_custom_1591212379974{padding-top: 20px !important;}&#8220;][\/vc_column_inner][vc_column_inner width=&#8220;1\/2&#8243;][vc_column_text]<\/p>\n<h2>Corona Support-Personal buchen<\/h2>\n<p>[\/vc_column_text][vc_column_text]Ziel unseres Corona Support Personal ist es, Ihren Neustart so einfach und sicher wie nur m\u00f6glich zu gestalten. Sie sind Allrounder, die sich flexibel in allen Bereichen einsetzten lassen, um Sie und Ihr Team entsprechend zu entlasten. Wir m\u00f6chten Ihnen ausschlie\u00dflich qualifiziertes Personal zur Verf\u00fcgung stellen, weshalb es von uns pers\u00f6nlich auf Einhaltung der\u00a0Schutzrichtlinien\u00a0geschult und mit Masken und Handschuhen ausgestattet wird. Sie verf\u00fcgen \u00fcber eine Bescheinigung \u00fcber die Belehrung nach dem Infektionsschutzgesetz und kennen sich mit Hygienevorschriften bestens aus. Zudem bringen die Aushilfen von ucm.agency Zuverl\u00e4ssigkeit, k\u00f6rperliche Belastbarkeit sowie zeitliche Flexibilit\u00e4t mit.<\/p>\n<p>Fragen Sie\u00a0unverbindlich\u00a0bei uns an und wir erstellen Ihnen ein individuelles Angebot.[\/vc_column_text][\/vc_column_inner][\/vc_row_inner][\/vc_column][\/vc_row][vc_row full_width=&#8220;stretch_row&#8220; css=&#8220;.vc_custom_1582605469460{background-color: #f6f6f6 !important;}&#8220;][vc_column width=&#8220;1\/2&#8243;][vc_column_text]<\/p>\n<h2 style=\"text-align: left;\">Sie brauchen weiteres Personal?<br \/>\nWir beraten Sie gern.<\/h2>\n<p>[\/vc_column_text][vc_column_text]<\/p>\n<p class=\"text-21\" style=\"text-align: left;\">F\u00fcllen Sie dazu bequem und unverbindlich unser kurzes Online-Formular aus. Wir melden uns in K\u00fcrze bei Ihnen.<\/p>\n<p>[\/vc_column_text][\/vc_column][vc_column width=&#8220;1\/2&#8243;][vc_empty_space height=&#8220;20px&#8220;][vc_btn title=&#8220;Jetzt anfragen&#8220; align=&#8220;center&#8220; link=&#8220;url:https%3A%2F%2Fucm.agency%2Fde%2Fkontaktformular%2F|||&#8220; el_class=&#8220;comp-2 ucm-60&#8243;][\/vc_column][\/vc_row][vc_row full_width=&#8220;stretch_row&#8220; css=&#8220;.vc_custom_1604591047300{padding-top: 10px !important;padding-bottom: 20px !important;background-color: #f6f6f6 !important;}&#8220;][vc_column][vc_column_text css=&#8220;.vc_custom_1604593936885{padding-top: 0px !important;padding-bottom: 0px !important;}&#8220;]<\/p>\n<p style=\"text-align: right;\"><em>Foto Lieferant: <span data-sheets-formula-bar-text-style=\"font-size:13px;color:#000000;font-weight:normal;text-decoration:none;font-family:'Arial';font-style:normal;text-decoration-skip-ink:none;\">\u00a9 Angelov, <\/span><span data-sheets-formula-bar-text-style=\"font-size:13px;color:#000000;font-weight:normal;text-decoration:none;font-family:''Arial'';font-style:normal;text-decoration-skip-ink:none;\">stock.adobe.com; Foto Desinfektion des Einkaufswagens: \u00a9 Maria Sbytova, stock.adobe.com<\/span><br \/>\n<\/em><\/p>\n<p>[\/vc_column_text][\/vc_column][\/vc_row]<\/p>\n<\/section>","protected":false},"excerpt":{"rendered":"<p>[vc_row full_width=&#8220;stretch_row&#8220; css=&#8220;.vc_custom_1581918929192{padding-top: 50px !important;padding-bottom: 50px !important;background-color: #114358 !important;}&#8220; el_class=&#8220;main-heading&#8220;][vc_column width=&#8220;1\/2&#8243; el_class=&#8220;ucm-60&#8243;][vc_column_text] Qualifiziertes Corona Support Staff buchen [\/vc_column_text][vc_column_text el_class=&#8220;tickgray-li&#8220;] Deutschlandweit buchbar kosteng\u00fcnstig &amp; kurzfristig einsetzbar geschultes Personal [\/vc_column_text][vc_btn title=&#8220;Jetzt anfragen&#8220; link=&#8220;url:https%3A%2F%2Fucm.agency%2Fde%2Fkontaktformular%2F|||&#8220; el_class=&#8220;comp-1&#8243;][\/vc_column][vc_column width=&#8220;1\/2&#8243;][vc_single_image image=&#8220;10465&#8243; img_size=&#8220;full&#8220; alignment=&#8220;center&#8220;][\/vc_column][\/vc_row][vc_row full_width=&#8220;stretch_row&#8220; equal_height=&#8220;yes&#8220; css=&#8220;.vc_custom_1582266401753{padding-bottom: 0px !important;background-color: #f6f6f6 !important;}&#8220;][vc_column][vc_column_text css=&#8220;.vc_custom_1591212572307{padding-bottom: 20px !important;}&#8220;] Corona Support Staff von ucm.agency &#8211; Wir helfen Ihnen!<\/p>\n","protected":false},"author":8,"featured_media":0,"parent":8559,"menu_order":0,"comment_status":"closed","ping_status":"closed","template":"","meta":{"_acf_changed":false,"inline_featured_image":false,"uix_meta_title":"","uix_meta_description":"","uix_canonical_url":"","footnotes":""},"class_list":["post-10428","page","type-page","status-publish","hentry"],"acf":[],"_links":{"self":[{"href":"https:\/\/wpsandbox.ucm.jobs\/de\/wp-json\/wp\/v2\/pages\/10428","targetHints":{"allow":["GET"]}}],"collection":[{"href":"https:\/\/wpsandbox.ucm.jobs\/de\/wp-json\/wp\/v2\/pages"}],"about":[{"href":"https:\/\/wpsandbox.ucm.jobs\/de\/wp-json\/wp\/v2\/types\/page"}],"author":[{"embeddable":true,"href":"https:\/\/wpsandbox.ucm.jobs\/de\/wp-json\/wp\/v2\/users\/8"}],"replies":[{"embeddable":true,"href":"https:\/\/wpsandbox.ucm.jobs\/de\/wp-json\/wp\/v2\/comments?post=10428"}],"version-history":[{"count":0,"href":"https:\/\/wpsandbox.ucm.jobs\/de\/wp-json\/wp\/v2\/pages\/10428\/revisions"}],"up":[{"embeddable":true,"href":"https:\/\/wpsandbox.ucm.jobs\/de\/wp-json\/wp\/v2\/pages\/8559"}],"wp:attachment":[{"href":"https:\/\/wpsandbox.ucm.jobs\/de\/wp-json\/wp\/v2\/media?parent=10428"}],"curies":[{"name":"wp","href":"https:\/\/api.w.org\/{rel}","templated":true}]}}